{"id":668,"date":"2025-12-14T17:20:57","date_gmt":"2025-12-14T17:20:57","guid":{"rendered":"https:\/\/naghi-mocktails.de\/?page_id=668"},"modified":"2025-12-17T16:53:20","modified_gmt":"2025-12-17T16:53:20","slug":"dichiarazione-sulla-protezione-dei-dati","status":"publish","type":"page","link":"https:\/\/naghi-mocktails.de\/it\/dichiarazione-sulla-protezione-dei-dati\/","title":{"rendered":"Informativa sulla privacy"},"content":{"rendered":"<div data-elementor-type=\"wp-page\" data-elementor-id=\"668\" class=\"elementor elementor-668\" data-elementor-settings=\"{&quot;element_pack_global_tooltip_width&quot;:{&quot;unit&quot;:&quot;px&quot;,&quot;size&quot;:&quot;&quot;,&quot;sizes&quot;:[]},&quot;element_pack_global_tooltip_width_tablet&quot;:{&quot;unit&quot;:&quot;px&quot;,&quot;size&quot;:&quot;&quot;,&quot;sizes&quot;:[]},&quot;element_pack_global_tooltip_width_mobile&quot;:{&quot;unit&quot;:&quot;px&quot;,&quot;size&quot;:&quot;&quot;,&quot;sizes&quot;:[]},&quot;element_pack_global_tooltip_padding&quot;:{&quot;unit&quot;:&quot;px&quot;,&quot;top&quot;:&quot;&quot;,&quot;right&quot;:&quot;&quot;,&quot;bottom&quot;:&quot;&quot;,&quot;left&quot;:&quot;&quot;,&quot;isLinked&quot;:true},&quot;element_pack_global_tooltip_padding_tablet&quot;:{&quot;unit&quot;:&quot;px&quot;,&quot;top&quot;:&quot;&quot;,&quot;right&quot;:&quot;&quot;,&quot;bottom&quot;:&quot;&quot;,&quot;left&quot;:&quot;&quot;,&quot;isLinked&quot;:true},&quot;element_pack_global_tooltip_padding_mobile&quot;:{&quot;unit&quot;:&quot;px&quot;,&quot;top&quot;:&quot;&quot;,&quot;right&quot;:&quot;&quot;,&quot;bottom&quot;:&quot;&quot;,&quot;left&quot;:&quot;&quot;,&quot;isLinked&quot;:true},&quot;element_pack_global_tooltip_border_radius&quot;:{&quot;unit&quot;:&quot;px&quot;,&quot;top&quot;:&quot;&quot;,&quot;right&quot;:&quot;&quot;,&quot;bottom&quot;:&quot;&quot;,&quot;left&quot;:&quot;&quot;,&quot;isLinked&quot;:true},&quot;element_pack_global_tooltip_border_radius_tablet&quot;:{&quot;unit&quot;:&quot;px&quot;,&quot;top&quot;:&quot;&quot;,&quot;right&quot;:&quot;&quot;,&quot;bottom&quot;:&quot;&quot;,&quot;left&quot;:&quot;&quot;,&quot;isLinked&quot;:true},&quot;element_pack_global_tooltip_border_radius_mobile&quot;:{&quot;unit&quot;:&quot;px&quot;,&quot;top&quot;:&quot;&quot;,&quot;right&quot;:&quot;&quot;,&quot;bottom&quot;:&quot;&quot;,&quot;left&quot;:&quot;&quot;,&quot;isLinked&quot;:true}}\">\n\t\t\t\t<div class=\"elementor-element elementor-element-4b949b68 e-flex e-con-boxed e-con e-parent\" data-id=\"4b949b68\" data-element_type=\"container\" data-e-type=\"container\">\n\t\t\t\t\t<div class=\"e-con-inner\">\n\t\t\t\t<div class=\"elementor-element elementor-element-8148037 elementor-widget elementor-widget-heading\" data-id=\"8148037\" data-element_type=\"widget\" data-e-type=\"widget\" data-widget_type=\"heading.default\">\n\t\t\t\t\t<h1 class=\"elementor-heading-title elementor-size-default\">Informativa sulla privacy<\/h1>\t\t\t\t<\/div>\n\t\t\t\t<div class=\"elementor-element elementor-element-2eb8595 elementor-widget elementor-widget-heading\" data-id=\"2eb8595\" data-element_type=\"widget\" data-e-type=\"widget\" data-widget_type=\"heading.default\">\n\t\t\t\t\t<h2 class=\"elementor-heading-title elementor-size-default\">Nota generale e informazioni obbligatorie<\/h2>\t\t\t\t<\/div>\n\t\t\t\t<div class=\"elementor-element elementor-element-73ba888 elementor-widget elementor-widget-text-editor\" data-id=\"73ba888\" data-element_type=\"widget\" data-e-type=\"widget\" data-widget_type=\"text-editor.default\">\n\t\t\t\t\t\t\t\t\t<p><strong>Designazione dell'organismo responsabile<\/strong><\/p><p>Il responsabile del trattamento dei dati su questo sito web \u00e8<\/p><p>Cocktail Naghi<strong><br \/><\/strong>Schwabstr. 19<br \/>60435 Francoforte sul Meno<\/p><p><strong>Rappresentato da:<br \/><\/strong>G. Naaja<\/p><p><strong>Contatto:<\/strong><br \/>E-mail: <a href=\"mailto:info@naghi-mocktails.de\">info@naghi-mocktails.de<\/a><br \/>Telefono: <a href=\"tel:+491758817799\">+49 175 8817799<\/a><\/p><div><div><div><div><div><div><div data-id=\"4ba50c0\" data-element_type=\"column\"><div><div data-id=\"f28f745\" data-element_type=\"widget\" data-widget_type=\"text-editor.default\"><div><p>Il responsabile del trattamento decide da solo o insieme ad altri le finalit\u00e0 e i mezzi del trattamento dei dati personali (ad esempio, nomi, dati di contatto, ecc.).<\/p><\/div><\/div><\/div><\/div><\/div><\/div><\/div><\/div><\/div><\/div><div><div>\u00a0<\/div><\/div><div><div><div><div><p><strong>Revoca del consenso al trattamento dei dati<\/strong><\/p><p>Alcune operazioni di trattamento dei dati sono possibili solo con il vostro esplicito consenso. Potete revocare il vostro consenso in qualsiasi momento. Per la revoca \u00e8 sufficiente una notifica informale via e-mail. La legalit\u00e0 del trattamento dei dati effettuato fino alla revoca rimane inalterata dalla revoca stessa.<\/p><\/div><\/div><\/div><\/div><div><div>\u00a0<\/div><\/div><div><div><div><div><p><strong>Diritto alla portabilit\u00e0 dei dati<\/strong><\/p><p>Avete il diritto di ottenere che i dati da noi trattati automaticamente sulla base del vostro consenso o in adempimento di un contratto vengano consegnati a voi o a terzi. I dati saranno forniti in un formato leggibile a macchina. Se richiedete il trasferimento diretto dei dati a un altro titolare del trattamento, ci\u00f2 avverr\u00e0 solo nella misura in cui ci\u00f2 sia tecnicamente possibile.<\/p><\/div><\/div><\/div><\/div><div><div>\u00a0<\/div><\/div><div><div><div><div><p><strong>Diritto all'informazione, alla rettifica, al blocco, alla cancellazione<\/strong><\/p><p>Avete il diritto di ricevere gratuitamente informazioni sui vostri dati personali memorizzati, sull'origine dei dati, sui destinatari e sullo scopo del trattamento dei dati e, se necessario, il diritto alla correzione, al blocco o alla cancellazione di tali dati in qualsiasi momento nell'ambito delle disposizioni di legge applicabili. Per ulteriori domande sul tema dei dati personali, \u00e8 possibile contattarci in qualsiasi momento utilizzando le opzioni di contatto elencate nella nota legale.<\/p><\/div><\/div><div>\u00a0<\/div><\/div><\/div><div><div>\u00a0<\/div><\/div><div><div><div><div><p><strong>Crittografia SSL o TLS<\/strong><\/p><p>Per motivi di sicurezza e per proteggere la trasmissione di contenuti riservati che ci inviate in qualit\u00e0 di gestori del sito, il nostro sito web utilizza la crittografia SSL o TLS. Ci\u00f2 significa che i dati trasmessi tramite questo sito web non possono essere letti da terzi. Una connessione criptata \u00e8 riconoscibile dalla riga dell'indirizzo \u201ehttps:\/\/\u201c del browser e dal simbolo del lucchetto nella riga del browser.<\/p><\/div><\/div><\/div><\/div><div><div>\u00a0<\/div><\/div><div><div><div><div><p><strong>File di log del server<\/strong><\/p><p>Il provider del sito web raccoglie e memorizza automaticamente le informazioni che il vostro browser ci trasmette in file di log del server. Questi sono<\/p><ul><li>Pagina visitata sul nostro dominio<\/li><li>Data e ora della richiesta del server<\/li><li>Tipo e versione del browser<\/li><li>Sistema operativo utilizzato<\/li><li>URL di riferimento<\/li><li>Nome host del computer di accesso<\/li><li>Indirizzo IP<\/li><\/ul><p>Questi dati non vengono uniti ad altre fonti di dati. La base per il trattamento dei dati \u00e8 l'art. 6 comma 1 lett. b GDPR, che consente il trattamento dei dati per l'adempimento di un contratto o di misure precontrattuali.<\/p><\/div><\/div><\/div><\/div><div><div>\u00a0<\/div><\/div><div><div><div><div><p><strong>Modulo di contatto<\/strong><\/p><p>I dati trasmessi tramite il modulo di contatto, compresi i vostri dati di contatto, saranno memorizzati per elaborare la vostra richiesta o per essere disponibili per domande successive. Questi dati non saranno trasmessi senza il vostro consenso.<\/p><p>I dati inseriti nel modulo di contatto vengono trattati esclusivamente sulla base del vostro consenso (art. 6 par. 1 lett. a GDPR). Potete revocare il vostro consenso in qualsiasi momento. Una notifica informale via e-mail \u00e8 sufficiente per revocare il consenso. La legalit\u00e0 delle operazioni di trattamento dei dati effettuate fino alla revoca rimane inalterata.<\/p><p>I dati trasmessi tramite il modulo di contatto rimarranno presso di noi fino a quando l'utente non ne chieder\u00e0 la cancellazione, non revocher\u00e0 il proprio consenso alla memorizzazione o non sar\u00e0 pi\u00f9 necessario memorizzarli. Le disposizioni di legge obbligatorie, in particolare i periodi di conservazione, rimangono inalterate.<\/p><\/div><\/div><\/div><\/div><div><div>\u00a0<\/div><\/div><div><div><div><div><p><strong>Google Analytics<\/strong><\/p><p>Il nostro sito web utilizza le funzioni del servizio di analisi web Google Analytics. Il fornitore del servizio di analisi web \u00e8 Google Inc, 1600 Amphitheatre Parkway, Mountain View, CA 94043, USA.<\/p><p>Google Analytics utilizza i \u201ecookie\u201c. Si tratta di piccoli file di testo che il vostro browser web memorizza sul vostro dispositivo finale e che consentono di analizzare l'utilizzo del sito web. Le informazioni generate dai cookie sull'utilizzo del nostro sito web vengono trasmesse a un server di Google e l\u00ec memorizzate. La sede del server \u00e8 solitamente negli Stati Uniti.<\/p><p>I cookie di Google Analytics sono impostati sulla base dell'art. 6 par. 1 lett. f GDPR. In qualit\u00e0 di gestore di questo sito web, abbiamo un interesse legittimo ad analizzare il comportamento degli utenti per ottimizzare il nostro sito web ed eventualmente anche la pubblicit\u00e0.<\/p><\/div><\/div><\/div><\/div><div>\u00a0<\/div><div><div><div><div><p><strong>Anonimizzazione dell'IP<\/strong><\/p><p>Utilizziamo Google Analytics insieme alla funzione di anonimizzazione dell'IP. Questa funzione garantisce che Google tronchi il vostro indirizzo IP negli Stati membri dell'Unione Europea o in altri Stati firmatari dell'Accordo sullo Spazio Economico Europeo prima di trasmetterlo agli Stati Uniti. In casi eccezionali, Google trasmette l'indirizzo IP completo a un server negli Stati Uniti, dove lo tronca. Google utilizzer\u00e0 queste informazioni per nostro conto per analizzare l'utilizzo del sito web da parte degli utenti, per compilare report sulle attivit\u00e0 del sito web e per fornirci altri servizi relativi alle attivit\u00e0 del sito web e all'utilizzo di Internet. L'indirizzo IP trasmesso da Google Analytics non viene unito ad altri dati di Google.<\/p><\/div><\/div><\/div><\/div><div>\u00a0<\/div><div><div><div><div><p><strong>Plugin del browser<\/strong><\/p><p>\u00c8 possibile impedire l'impostazione dei cookie da parte del browser web. Tuttavia, ci\u00f2 potrebbe limitare alcune funzioni del nostro sito web. \u00c8 inoltre possibile impedire la raccolta dei dati relativi al vostro utilizzo del sito web, compreso il vostro indirizzo IP e la successiva elaborazione da parte di Google. A tal fine \u00e8 possibile scaricare e installare il plugin del browser disponibile al seguente link: <a href=\"https:\/\/tools.google.com\/dlpage\/gaoptout?hl=de\">https:\/\/tools.google.com\/dlpage\/gaoptout?hl=de<\/a>.<\/p><\/div><\/div><\/div><\/div><div>\u00a0<\/div><div><div><div><div><p><strong>Obiezione alla raccolta dei dati<\/strong><\/p><p>Potete impedire la raccolta dei vostri dati da parte di Google Analytics cliccando sul seguente link. Verr\u00e0 impostato un cookie di opt-out per impedire la raccolta dei vostri dati nelle visite future al nostro sito web: Disattivazione di Google Analytics.<\/p><p>I dettagli su come Google Analytics gestisce i dati degli utenti sono riportati nell'informativa sulla privacy di Google: <a href=\"https:\/\/support.google.com\/analytics\/answer\/6004245?hl=de\">https:\/\/support.google.com\/analytics\/answer\/6004245?hl=de<\/a>.<\/p><p><strong>Elaborazione dell'ordine<\/strong><\/p><p>Abbiamo stipulato un contratto per l'elaborazione degli ordini con Google al fine di soddisfare pienamente i requisiti di legge in materia di protezione dei dati.<\/p><p><strong>Caratteristiche demografiche in Google Analytics<\/strong><\/p><p>Il nostro sito web utilizza la funzione \u201ccaratteristiche demografiche\u201d di Google Analytics. Questa funzione pu\u00f2 essere utilizzata per creare rapporti contenenti informazioni sull'et\u00e0, il sesso e gli interessi dei visitatori del sito. Questi dati provengono dalla pubblicit\u00e0 basata sugli interessi di Google e dai dati dei visitatori di fornitori terzi. Non \u00e8 possibile attribuire i dati a una persona specifica. \u00c8 possibile disattivare questa funzione in qualsiasi momento. Ci\u00f2 \u00e8 possibile tramite le impostazioni degli annunci del vostro account Google o vietando in generale la raccolta dei vostri dati da parte di Google Analytics, come spiegato nella sezione \u201cObiezione alla raccolta dei dati\u201d.<\/p><\/div><\/div><\/div><\/div><div><div>\u00a0<\/div><\/div><div><div><div><div><p><strong>Google AdSense<\/strong><\/p><p>Il nostro sito web utilizza Google AdSense. Il fornitore \u00e8 Google Inc, 1600 Amphitheatre Parkway, Mountain View, CA 94043, USA.<\/p><p>Google AdSense viene utilizzato per integrare gli annunci pubblicitari e imposta dei cookie. I cookie sono piccoli file di testo che il browser web memorizza sul dispositivo finale per analizzare l'utilizzo del sito web. Google AdSense utilizza anche web beacon. I web beacon sono elementi grafici invisibili che consentono di analizzare il traffico di visitatori sul nostro sito web.<\/p><p>Le informazioni generate dai cookie e dai web beacon vengono trasferite ai server di Google e l\u00ec memorizzate. La sede del server \u00e8 negli Stati Uniti. Google pu\u00f2 trasmettere queste informazioni a partner contrattuali. Tuttavia, Google non unir\u00e0 il vostro indirizzo IP con altri dati da voi memorizzati.<\/p><p>I cookie di AdSense vengono memorizzati sulla base dell'art. 6 par. 1 lett. f GDPR. In qualit\u00e0 di gestore del sito web, abbiamo un interesse legittimo ad analizzare il comportamento degli utenti al fine di ottimizzare il nostro sito web e la nostra pubblicit\u00e0.<\/p><p>Con un moderno browser web \u00e8 possibile monitorare, limitare e impedire l'impostazione dei cookie. La disattivazione dei cookie pu\u00f2 comportare una funzionalit\u00e0 limitata del nostro sito web. Utilizzando il nostro sito web, acconsentite al trattamento dei vostri dati da parte di Google per le modalit\u00e0 e i fini sopraindicati.<\/p><\/div><\/div><\/div><\/div><div><div>\u00a0<\/div><\/div><div><div><div><div><p><strong>Google AdWords e Google Conversion Tracking<\/strong><\/p><p>Il nostro sito web utilizza Google AdWords. Il fornitore \u00e8 Google Inc, 1600 Amphitheatre Parkway, Mountain View, CA 94043, Stati Uniti.<\/p><p>AdWords \u00e8 un programma di pubblicit\u00e0 online. Lavoriamo con il conversion tracking come parte del programma pubblicitario online. Dopo aver fatto clic su un annuncio pubblicitario di Google, viene impostato un cookie per il monitoraggio delle conversioni. I cookie sono piccoli file di testo che il browser Web memorizza sul dispositivo finale. I cookie di Google AdWords perdono la loro validit\u00e0 dopo 30 giorni e non vengono utilizzati per identificare personalmente gli utenti. Il cookie consente a Google e a noi di riconoscere che l'utente ha fatto clic su un annuncio e che \u00e8 stato reindirizzato al nostro sito web.<\/p><p>Ogni cliente di Google AdWords riceve un cookie diverso. I cookie non possono essere tracciati attraverso i siti web dei clienti AdWords. I cookie di conversione vengono utilizzati per creare statistiche di conversione per i clienti AdWords che utilizzano il conversion tracking. I clienti AdWords scoprono quanti utenti hanno fatto clic sul loro annuncio e sono stati reindirizzati a pagine con un tag di conversion tracking. Tuttavia, i clienti AdWords non ricevono alcuna informazione che consenta di identificare personalmente gli utenti. Se non si desidera partecipare al tracciamento, \u00e8 possibile opporsi al suo utilizzo. In questo caso, il cookie di conversione deve essere disattivato nelle impostazioni utente del browser. In questo modo si impedisce anche l'inclusione nelle statistiche di monitoraggio delle conversioni.<\/p><p>I \u201ccookie di conversione\u201d vengono memorizzati sulla base dell'art. 6 par. 1 lett. f GDPR. In qualit\u00e0 di gestore del sito web, abbiamo un interesse legittimo ad analizzare il comportamento degli utenti al fine di ottimizzare il nostro sito web e la nostra pubblicit\u00e0.<\/p><p>I dettagli su Google AdWords e Google Conversion Tracking sono disponibili nell'informativa sulla privacy di Google: <a href=\"https:\/\/www.google.de\/policies\/privacy\/\">https:\/\/www.google.de\/policies\/privacy\/<\/a>.<br \/><br \/>Con un moderno browser web \u00e8 possibile monitorare, limitare o impedire l'impostazione dei cookie. La disattivazione dei cookie pu\u00f2 comportare una funzionalit\u00e0 limitata del nostro sito web.<\/p><\/div><\/div><\/div><\/div><div><div>\u00a0<\/div><\/div><div><div><div><div><p><strong>Google Web Fonts<\/strong><\/p><p>Il nostro sito web utilizza font web di Google. Il fornitore \u00e8 Google Inc, 1600 Amphitheatre Parkway, Mountain View, CA 94043, USA.<\/p><p>Utilizzando questi web fonts, \u00e8 possibile presentarvi la presentazione del nostro sito web che desideriamo, indipendentemente dai fonts disponibili a livello locale. Ci\u00f2 avviene tramite il recupero dei Google Web Fonts da un server di Google negli USA e il relativo trasferimento dei vostri dati a Google. Si tratta del vostro indirizzo IP e di quali pagine avete visitato. L'utilizzo di Google Web Fonts si basa sull'art. 6 comma 1 lett. f GDPR. In qualit\u00e0 di gestori di questo sito web, abbiamo un interesse legittimo alla presentazione e alla trasmissione ottimale del nostro sito web.<\/p><p>Google \u00e8 certificata per l'accordo di protezione dei dati USA-Europa \u201ePrivacy Shield\u201c. Questo accordo di protezione dei dati ha lo scopo di garantire il rispetto del livello di protezione dei dati applicabile nell'UE.<\/p><p>I dettagli su Google Web Fonts sono disponibili all'indirizzo: <a href=\"https:\/\/www.google.com\/fonts#AboutPlace:about\">https:\/\/www.google.com\/fonts#AboutPlace:about<\/a> e ulteriori informazioni nell'informativa sulla privacy di Google: <a href=\"https:\/\/policies.google.com\/privacy\/partners?hl=de\">https:\/\/policies.google.com\/privacy\/partners?hl=de<\/a><\/p><\/div><\/div><\/div><\/div>\t\t\t\t\t\t\t\t<\/div>\n\t\t\t\t\t<\/div>\n\t\t\t\t<\/div>\n\t\t\t\t<\/div>","protected":false},"excerpt":{"rendered":"<p>Datenschutzerkl\u00e4rung Allgemeiner Hinweis und Pflichtinformationen\u200b Benennung der verantwortlichen Stelle Die verantwortliche Stelle f\u00fcr die Datenverarbeitung auf dieser Website ist: Naghi Mocktails Schwabstr. [&hellip;]<\/p>\n","protected":false},"author":1,"featured_media":0,"parent":0,"menu_order":0,"comment_status":"closed","ping_status":"closed","template":"","meta":{"footnotes":""},"class_list":["post-668","page","type-page","status-publish","hentry"],"yoast_head":"<!-- This site is optimized with the Yoast SEO plugin v27.3 - https:\/\/yoast.com\/product\/yoast-seo-wordpress\/ -->\n<title>Datenschutzerkl\u00e4rung | Naghi&#039;s Mocktails<\/title>\n<meta name=\"description\" content=\"Hier finden Sie alle Informationen zum Schutz Ihrer personenbezogenen Daten und Ihren Rechten auf unserer Website.\" \/>\n<meta name=\"robots\" content=\"index, follow, max-snippet:-1, max-image-preview:large, max-video-preview:-1\" \/>\n<link rel=\"canonical\" href=\"https:\/\/naghi-mocktails.de\/it\/dichiarazione-sulla-protezione-dei-dati\/\" \/>\n<meta property=\"og:locale\" content=\"it_IT\" \/>\n<meta property=\"og:type\" content=\"article\" \/>\n<meta property=\"og:title\" content=\"Datenschutzerkl\u00e4rung | Naghi&#039;s Mocktails\" \/>\n<meta property=\"og:description\" content=\"Hier finden Sie alle Informationen zum Schutz Ihrer personenbezogenen Daten und Ihren Rechten auf unserer Website.\" \/>\n<meta property=\"og:url\" content=\"https:\/\/naghi-mocktails.de\/it\/dichiarazione-sulla-protezione-dei-dati\/\" \/>\n<meta property=\"og:site_name\" content=\"Naghi&#039;s Mocktails \u2013 Exklusive Mocktail-Konzepte f\u00fcr Events\" \/>\n<meta property=\"article:modified_time\" content=\"2025-12-17T16:53:20+00:00\" \/>\n<meta name=\"twitter:card\" content=\"summary_large_image\" \/>\n<meta name=\"twitter:label1\" content=\"Tempo di lettura stimato\" \/>\n\t<meta name=\"twitter:data1\" content=\"9 minuti\" \/>\n<script type=\"application\/ld+json\" class=\"yoast-schema-graph\">{\"@context\":\"https:\\\/\\\/schema.org\",\"@graph\":[{\"@type\":\"WebPage\",\"@id\":\"https:\\\/\\\/naghi-mocktails.de\\\/datenschutzerklaerung\\\/\",\"url\":\"https:\\\/\\\/naghi-mocktails.de\\\/datenschutzerklaerung\\\/\",\"name\":\"Datenschutzerkl\u00e4rung | Naghi's Mocktails\",\"isPartOf\":{\"@id\":\"https:\\\/\\\/naghi-mocktails.de\\\/#website\"},\"datePublished\":\"2025-12-14T17:20:57+00:00\",\"dateModified\":\"2025-12-17T16:53:20+00:00\",\"description\":\"Hier finden Sie alle Informationen zum Schutz Ihrer personenbezogenen Daten und Ihren Rechten auf unserer Website.\",\"breadcrumb\":{\"@id\":\"https:\\\/\\\/naghi-mocktails.de\\\/datenschutzerklaerung\\\/#breadcrumb\"},\"inLanguage\":\"it-IT\",\"potentialAction\":[{\"@type\":\"ReadAction\",\"target\":[\"https:\\\/\\\/naghi-mocktails.de\\\/datenschutzerklaerung\\\/\"]}]},{\"@type\":\"BreadcrumbList\",\"@id\":\"https:\\\/\\\/naghi-mocktails.de\\\/datenschutzerklaerung\\\/#breadcrumb\",\"itemListElement\":[{\"@type\":\"ListItem\",\"position\":1,\"name\":\"Start\",\"item\":\"https:\\\/\\\/naghi-mocktails.de\\\/\"},{\"@type\":\"ListItem\",\"position\":2,\"name\":\"Datenschutzerkl\u00e4rung\"}]},{\"@type\":\"WebSite\",\"@id\":\"https:\\\/\\\/naghi-mocktails.de\\\/#website\",\"url\":\"https:\\\/\\\/naghi-mocktails.de\\\/\",\"name\":\"Naghi Mocktails\",\"description\":\"Ma\u00dfgeschneiderte, alkoholfreie Mocktail-Konzepte f\u00fcr Hochzeiten, Corporate Events und private Feiern. Pers\u00f6nliches Probetrinken &amp; Sorglos-Service.\",\"publisher\":{\"@id\":\"https:\\\/\\\/naghi-mocktails.de\\\/#organization\"},\"potentialAction\":[{\"@type\":\"SearchAction\",\"target\":{\"@type\":\"EntryPoint\",\"urlTemplate\":\"https:\\\/\\\/naghi-mocktails.de\\\/?s={search_term_string}\"},\"query-input\":{\"@type\":\"PropertyValueSpecification\",\"valueRequired\":true,\"valueName\":\"search_term_string\"}}],\"inLanguage\":\"it-IT\"},{\"@type\":\"Organization\",\"@id\":\"https:\\\/\\\/naghi-mocktails.de\\\/#organization\",\"name\":\"Naghi Mocktails\",\"url\":\"https:\\\/\\\/naghi-mocktails.de\\\/\",\"logo\":{\"@type\":\"ImageObject\",\"inLanguage\":\"it-IT\",\"@id\":\"https:\\\/\\\/naghi-mocktails.de\\\/#\\\/schema\\\/logo\\\/image\\\/\",\"url\":\"https:\\\/\\\/naghi-mocktails.de\\\/wp-content\\\/uploads\\\/2025\\\/12\\\/logo_color_bg.svg\",\"contentUrl\":\"https:\\\/\\\/naghi-mocktails.de\\\/wp-content\\\/uploads\\\/2025\\\/12\\\/logo_color_bg.svg\",\"width\":583,\"height\":583,\"caption\":\"Naghi Mocktails\"},\"image\":{\"@id\":\"https:\\\/\\\/naghi-mocktails.de\\\/#\\\/schema\\\/logo\\\/image\\\/\"},\"sameAs\":[\"https:\\\/\\\/www.instagram.com\\\/naghi_mocktails\\\/\",\"https:\\\/\\\/www.tiktok.com\\\/@naghi_mocktails\"]}]}<\/script>\n<!-- \/ Yoast SEO plugin. -->","yoast_head_json":{"title":"Informativa sulla privacy | Naghi's Mocktails","description":"Qui troverete tutte le informazioni sulla protezione dei vostri dati personali e sui vostri diritti sul nostro sito web.","robots":{"index":"index","follow":"follow","max-snippet":"max-snippet:-1","max-image-preview":"max-image-preview:large","max-video-preview":"max-video-preview:-1"},"canonical":"https:\/\/naghi-mocktails.de\/it\/dichiarazione-sulla-protezione-dei-dati\/","og_locale":"it_IT","og_type":"article","og_title":"Datenschutzerkl\u00e4rung | Naghi's Mocktails","og_description":"Hier finden Sie alle Informationen zum Schutz Ihrer personenbezogenen Daten und Ihren Rechten auf unserer Website.","og_url":"https:\/\/naghi-mocktails.de\/it\/dichiarazione-sulla-protezione-dei-dati\/","og_site_name":"Naghi&#039;s Mocktails \u2013 Exklusive Mocktail-Konzepte f\u00fcr Events","article_modified_time":"2025-12-17T16:53:20+00:00","twitter_card":"summary_large_image","twitter_misc":{"Tempo di lettura stimato":"9 minuti"},"schema":{"@context":"https:\/\/schema.org","@graph":[{"@type":"WebPage","@id":"https:\/\/naghi-mocktails.de\/datenschutzerklaerung\/","url":"https:\/\/naghi-mocktails.de\/datenschutzerklaerung\/","name":"Informativa sulla privacy | Naghi's Mocktails","isPartOf":{"@id":"https:\/\/naghi-mocktails.de\/#website"},"datePublished":"2025-12-14T17:20:57+00:00","dateModified":"2025-12-17T16:53:20+00:00","description":"Qui troverete tutte le informazioni sulla protezione dei vostri dati personali e sui vostri diritti sul nostro sito web.","breadcrumb":{"@id":"https:\/\/naghi-mocktails.de\/datenschutzerklaerung\/#breadcrumb"},"inLanguage":"it-IT","potentialAction":[{"@type":"ReadAction","target":["https:\/\/naghi-mocktails.de\/datenschutzerklaerung\/"]}]},{"@type":"BreadcrumbList","@id":"https:\/\/naghi-mocktails.de\/datenschutzerklaerung\/#breadcrumb","itemListElement":[{"@type":"ListItem","position":1,"name":"Start","item":"https:\/\/naghi-mocktails.de\/"},{"@type":"ListItem","position":2,"name":"Datenschutzerkl\u00e4rung"}]},{"@type":"WebSite","@id":"https:\/\/naghi-mocktails.de\/#website","url":"https:\/\/naghi-mocktails.de\/","name":"Cocktail Naghi","description":"Concetti personalizzati di mocktail senza alcol per matrimoni, eventi aziendali e feste private. Degustazione personalizzata e servizio gratuito.","publisher":{"@id":"https:\/\/naghi-mocktails.de\/#organization"},"potentialAction":[{"@type":"SearchAction","target":{"@type":"EntryPoint","urlTemplate":"https:\/\/naghi-mocktails.de\/?s={search_term_string}"},"query-input":{"@type":"PropertyValueSpecification","valueRequired":true,"valueName":"search_term_string"}}],"inLanguage":"it-IT"},{"@type":"Organization","@id":"https:\/\/naghi-mocktails.de\/#organization","name":"Cocktail Naghi","url":"https:\/\/naghi-mocktails.de\/","logo":{"@type":"ImageObject","inLanguage":"it-IT","@id":"https:\/\/naghi-mocktails.de\/#\/schema\/logo\/image\/","url":"https:\/\/naghi-mocktails.de\/wp-content\/uploads\/2025\/12\/logo_color_bg.svg","contentUrl":"https:\/\/naghi-mocktails.de\/wp-content\/uploads\/2025\/12\/logo_color_bg.svg","width":583,"height":583,"caption":"Naghi Mocktails"},"image":{"@id":"https:\/\/naghi-mocktails.de\/#\/schema\/logo\/image\/"},"sameAs":["https:\/\/www.instagram.com\/naghi_mocktails\/","https:\/\/www.tiktok.com\/@naghi_mocktails"]}]}},"_links":{"self":[{"href":"https:\/\/naghi-mocktails.de\/it\/wp-json\/wp\/v2\/pages\/668","targetHints":{"allow":["GET"]}}],"collection":[{"href":"https:\/\/naghi-mocktails.de\/it\/wp-json\/wp\/v2\/pages"}],"about":[{"href":"https:\/\/naghi-mocktails.de\/it\/wp-json\/wp\/v2\/types\/page"}],"author":[{"embeddable":true,"href":"https:\/\/naghi-mocktails.de\/it\/wp-json\/wp\/v2\/users\/1"}],"replies":[{"embeddable":true,"href":"https:\/\/naghi-mocktails.de\/it\/wp-json\/wp\/v2\/comments?post=668"}],"version-history":[{"count":11,"href":"https:\/\/naghi-mocktails.de\/it\/wp-json\/wp\/v2\/pages\/668\/revisions"}],"predecessor-version":[{"id":974,"href":"https:\/\/naghi-mocktails.de\/it\/wp-json\/wp\/v2\/pages\/668\/revisions\/974"}],"wp:attachment":[{"href":"https:\/\/naghi-mocktails.de\/it\/wp-json\/wp\/v2\/media?parent=668"}],"curies":[{"name":"wp","href":"https:\/\/api.w.org\/{rel}","templated":true}]}}