{"id":617,"date":"2025-12-14T16:02:58","date_gmt":"2025-12-14T16:02:58","guid":{"rendered":"https:\/\/naghi-mocktails.de\/?page_id=617"},"modified":"2025-12-17T16:51:44","modified_gmt":"2025-12-17T16:51:44","slug":"impronta","status":"publish","type":"page","link":"https:\/\/naghi-mocktails.de\/it\/impronta\/","title":{"rendered":"Impronta"},"content":{"rendered":"<div data-elementor-type=\"wp-page\" data-elementor-id=\"617\" class=\"elementor elementor-617\" data-elementor-settings=\"{&quot;element_pack_global_tooltip_width&quot;:{&quot;unit&quot;:&quot;px&quot;,&quot;size&quot;:&quot;&quot;,&quot;sizes&quot;:[]},&quot;element_pack_global_tooltip_width_tablet&quot;:{&quot;unit&quot;:&quot;px&quot;,&quot;size&quot;:&quot;&quot;,&quot;sizes&quot;:[]},&quot;element_pack_global_tooltip_width_mobile&quot;:{&quot;unit&quot;:&quot;px&quot;,&quot;size&quot;:&quot;&quot;,&quot;sizes&quot;:[]},&quot;element_pack_global_tooltip_padding&quot;:{&quot;unit&quot;:&quot;px&quot;,&quot;top&quot;:&quot;&quot;,&quot;right&quot;:&quot;&quot;,&quot;bottom&quot;:&quot;&quot;,&quot;left&quot;:&quot;&quot;,&quot;isLinked&quot;:true},&quot;element_pack_global_tooltip_padding_tablet&quot;:{&quot;unit&quot;:&quot;px&quot;,&quot;top&quot;:&quot;&quot;,&quot;right&quot;:&quot;&quot;,&quot;bottom&quot;:&quot;&quot;,&quot;left&quot;:&quot;&quot;,&quot;isLinked&quot;:true},&quot;element_pack_global_tooltip_padding_mobile&quot;:{&quot;unit&quot;:&quot;px&quot;,&quot;top&quot;:&quot;&quot;,&quot;right&quot;:&quot;&quot;,&quot;bottom&quot;:&quot;&quot;,&quot;left&quot;:&quot;&quot;,&quot;isLinked&quot;:true},&quot;element_pack_global_tooltip_border_radius&quot;:{&quot;unit&quot;:&quot;px&quot;,&quot;top&quot;:&quot;&quot;,&quot;right&quot;:&quot;&quot;,&quot;bottom&quot;:&quot;&quot;,&quot;left&quot;:&quot;&quot;,&quot;isLinked&quot;:true},&quot;element_pack_global_tooltip_border_radius_tablet&quot;:{&quot;unit&quot;:&quot;px&quot;,&quot;top&quot;:&quot;&quot;,&quot;right&quot;:&quot;&quot;,&quot;bottom&quot;:&quot;&quot;,&quot;left&quot;:&quot;&quot;,&quot;isLinked&quot;:true},&quot;element_pack_global_tooltip_border_radius_mobile&quot;:{&quot;unit&quot;:&quot;px&quot;,&quot;top&quot;:&quot;&quot;,&quot;right&quot;:&quot;&quot;,&quot;bottom&quot;:&quot;&quot;,&quot;left&quot;:&quot;&quot;,&quot;isLinked&quot;:true}}\">\n\t\t\t\t<div class=\"elementor-element elementor-element-346c24bd e-flex e-con-boxed e-con e-parent\" data-id=\"346c24bd\" data-element_type=\"container\" data-e-type=\"container\">\n\t\t\t\t\t<div class=\"e-con-inner\">\n\t\t\t\t<div class=\"elementor-element elementor-element-6f3f435 elementor-widget elementor-widget-heading\" data-id=\"6f3f435\" data-element_type=\"widget\" data-e-type=\"widget\" data-widget_type=\"heading.default\">\n\t\t\t\t\t<h2 class=\"elementor-heading-title elementor-size-default\">Impronta<\/h2>\t\t\t\t<\/div>\n\t\t\t\t<div class=\"elementor-element elementor-element-5af7820 elementor-widget elementor-widget-text-editor\" data-id=\"5af7820\" data-element_type=\"widget\" data-e-type=\"widget\" data-widget_type=\"text-editor.default\">\n\t\t\t\t\t\t\t\t\t<p>Informazioni ai sensi del \u00a7 5 TMG (Telemediengesetz)<\/p>\t\t\t\t\t\t\t\t<\/div>\n\t\t\t\t<div class=\"elementor-element elementor-element-69ce811 elementor-widget elementor-widget-text-editor\" data-id=\"69ce811\" data-element_type=\"widget\" data-e-type=\"widget\" data-widget_type=\"text-editor.default\">\n\t\t\t\t\t\t\t\t\t<p>Cocktail Naghi<strong><br \/><\/strong>Schwabstr. 19<br \/>60435 Francoforte sul Meno<\/p><p><strong>Rappresentato da:<br \/><\/strong>G. Naaja<\/p><p><strong>Contatto:<\/strong><br \/>E-mail: <a href=\"mailto:info@naghi-mocktails.de\">info@naghi-mocktails.de<\/a><br \/>Telefono: <a href=\"tel:+491758817799\">+49 175 8817799<\/a><\/p><p><strong>Numero di identificazione dell'imposta sulle vendite:<\/strong><br \/>DE271962839<\/p>\t\t\t\t\t\t\t\t<\/div>\n\t\t\t\t\t<\/div>\n\t\t\t\t<\/div>\n\t\t<div class=\"elementor-element elementor-element-f2c8307 e-flex e-con-boxed e-con e-parent\" data-id=\"f2c8307\" data-element_type=\"container\" data-e-type=\"container\" data-settings=\"{&quot;background_background&quot;:&quot;classic&quot;}\">\n\t\t\t\t\t<div class=\"e-con-inner\">\n\t\t\t\t<div class=\"elementor-element elementor-element-f439f39 elementor-widget elementor-widget-spacer\" data-id=\"f439f39\" data-element_type=\"widget\" data-e-type=\"widget\" data-widget_type=\"spacer.default\">\n\t\t\t\t\t\t\t<div class=\"elementor-spacer\">\n\t\t\t<div class=\"elementor-spacer-inner\"><\/div>\n\t\t<\/div>\n\t\t\t\t\t\t<\/div>\n\t\t\t\t<div class=\"elementor-element elementor-element-60f1cc4 elementor-widget elementor-widget-heading\" data-id=\"60f1cc4\" data-element_type=\"widget\" data-e-type=\"widget\" data-widget_type=\"heading.default\">\n\t\t\t\t\t<h2 class=\"elementor-heading-title elementor-size-default\">Risoluzione delle controversie<\/h2>\t\t\t\t<\/div>\n\t\t\t\t<div class=\"elementor-element elementor-element-c7f9510 elementor-widget elementor-widget-text-editor\" data-id=\"c7f9510\" data-element_type=\"widget\" data-e-type=\"widget\" data-widget_type=\"text-editor.default\">\n\t\t\t\t\t\t\t\t\t<p>La Commissione europea mette a disposizione una piattaforma per la risoluzione delle controversie online (OS): <a href=\"https:\/\/ec.europa.eu\/consumers\/odr\" target=\"_blank\" rel=\"noopener\">https:\/\/ec.europa.eu\/consumers\/odr<\/a>.<br \/>Il nostro indirizzo e-mail \u00e8 riportato nella nota legale di cui sopra.<\/p><p>Non siamo disposti o obbligati a partecipare a procedure di risoluzione delle controversie davanti a un collegio arbitrale dei consumatori.<\/p>\t\t\t\t\t\t\t\t<\/div>\n\t\t\t\t\t<\/div>\n\t\t\t\t<\/div>\n\t\t<div class=\"elementor-element elementor-element-e587ca2 e-flex e-con-boxed e-con e-parent\" data-id=\"e587ca2\" data-element_type=\"container\" data-e-type=\"container\">\n\t\t\t\t\t<div class=\"e-con-inner\">\n\t\t\t\t<div class=\"elementor-element elementor-element-835bb97 elementor-widget elementor-widget-spacer\" data-id=\"835bb97\" data-element_type=\"widget\" data-e-type=\"widget\" data-widget_type=\"spacer.default\">\n\t\t\t\t\t\t\t<div class=\"elementor-spacer\">\n\t\t\t<div class=\"elementor-spacer-inner\"><\/div>\n\t\t<\/div>\n\t\t\t\t\t\t<\/div>\n\t\t\t\t<div class=\"elementor-element elementor-element-94f6647 elementor-widget elementor-widget-heading\" data-id=\"94f6647\" data-element_type=\"widget\" data-e-type=\"widget\" data-widget_type=\"heading.default\">\n\t\t\t\t\t<h2 class=\"elementor-heading-title elementor-size-default\">Responsabilit\u00e0 per i contenuti<\/h2>\t\t\t\t<\/div>\n\t\t\t\t<div class=\"elementor-element elementor-element-cadf388 elementor-widget elementor-widget-text-editor\" data-id=\"cadf388\" data-element_type=\"widget\" data-e-type=\"widget\" data-widget_type=\"text-editor.default\">\n\t\t\t\t\t\t\t\t\t<p>In qualit\u00e0 di fornitore di servizi, siamo responsabili dei nostri contenuti su queste pagine ai sensi dell'art. 7 (1) TMG (legge tedesca sui media telematici) e della legislazione generale. Ai sensi dei \u00a7\u00a7 8-10 TMG, tuttavia, in qualit\u00e0 di fornitore di servizi non siamo obbligati a monitorare le informazioni trasmesse o memorizzate da terzi o a indagare su circostanze che indicano un'attivit\u00e0 illegale.<\/p><p>L'obbligo di rimuovere o bloccare l'uso delle informazioni in conformit\u00e0 alla legislazione generale rimane inalterato. Tuttavia, la responsabilit\u00e0 in questo senso \u00e8 possibile solo dal momento in cui veniamo a conoscenza di una specifica violazione. Non appena verremo a conoscenza di tali violazioni, provvederemo a rimuovere immediatamente tali contenuti.<\/p>\t\t\t\t\t\t\t\t<\/div>\n\t\t\t\t\t<\/div>\n\t\t\t\t<\/div>\n\t\t<div class=\"elementor-element elementor-element-6e6a079 e-flex e-con-boxed e-con e-parent\" data-id=\"6e6a079\" data-element_type=\"container\" data-e-type=\"container\" data-settings=\"{&quot;background_background&quot;:&quot;classic&quot;}\">\n\t\t\t\t\t<div class=\"e-con-inner\">\n\t\t\t\t<div class=\"elementor-element elementor-element-566e87f elementor-widget elementor-widget-spacer\" data-id=\"566e87f\" data-element_type=\"widget\" data-e-type=\"widget\" data-widget_type=\"spacer.default\">\n\t\t\t\t\t\t\t<div class=\"elementor-spacer\">\n\t\t\t<div class=\"elementor-spacer-inner\"><\/div>\n\t\t<\/div>\n\t\t\t\t\t\t<\/div>\n\t\t\t\t<div class=\"elementor-element elementor-element-d837d59 elementor-widget elementor-widget-heading\" data-id=\"d837d59\" data-element_type=\"widget\" data-e-type=\"widget\" data-widget_type=\"heading.default\">\n\t\t\t\t\t<h2 class=\"elementor-heading-title elementor-size-default\">Responsabilit\u00e0 per i link<\/h2>\t\t\t\t<\/div>\n\t\t\t\t<div class=\"elementor-element elementor-element-7ae81cb elementor-widget elementor-widget-text-editor\" data-id=\"7ae81cb\" data-element_type=\"widget\" data-e-type=\"widget\" data-widget_type=\"text-editor.default\">\n\t\t\t\t\t\t\t\t\t<p>Il nostro sito web contiene link a siti esterni di terzi sui cui contenuti non abbiamo alcuna influenza. Pertanto, non ci assumiamo alcuna responsabilit\u00e0 per questi contenuti di terzi. Il rispettivo fornitore o gestore delle pagine \u00e8 sempre responsabile del contenuto delle pagine collegate. Le pagine collegate sono state controllate per verificare eventuali violazioni di legge al momento del collegamento. I contenuti illegali non erano riconoscibili al momento del collegamento.<\/p><p>Tuttavia, il monitoraggio permanente del contenuto delle pagine collegate non \u00e8 ragionevole senza prove concrete di una violazione. Se veniamo a conoscenza di violazioni legali, rimuoveremo immediatamente tali link.<\/p>\t\t\t\t\t\t\t\t<\/div>\n\t\t\t\t\t<\/div>\n\t\t\t\t<\/div>\n\t\t<div class=\"elementor-element elementor-element-61ed957 e-flex e-con-boxed e-con e-parent\" data-id=\"61ed957\" data-element_type=\"container\" data-e-type=\"container\">\n\t\t\t\t\t<div class=\"e-con-inner\">\n\t\t\t\t<div class=\"elementor-element elementor-element-8cb88b6 elementor-widget elementor-widget-spacer\" data-id=\"8cb88b6\" data-element_type=\"widget\" data-e-type=\"widget\" data-widget_type=\"spacer.default\">\n\t\t\t\t\t\t\t<div class=\"elementor-spacer\">\n\t\t\t<div class=\"elementor-spacer-inner\"><\/div>\n\t\t<\/div>\n\t\t\t\t\t\t<\/div>\n\t\t\t\t<div class=\"elementor-element elementor-element-57f5768 elementor-widget elementor-widget-heading\" data-id=\"57f5768\" data-element_type=\"widget\" data-e-type=\"widget\" data-widget_type=\"heading.default\">\n\t\t\t\t\t<h2 class=\"elementor-heading-title elementor-size-default\">Copyright<\/h2>\t\t\t\t<\/div>\n\t\t\t\t<div class=\"elementor-element elementor-element-9bbb6f3 elementor-widget elementor-widget-text-editor\" data-id=\"9bbb6f3\" data-element_type=\"widget\" data-e-type=\"widget\" data-widget_type=\"text-editor.default\">\n\t\t\t\t\t\t\t\t\t<p>I contenuti e le opere create dagli operatori del sito su queste pagine sono soggetti alla legge tedesca sul diritto d'autore. La duplicazione, l'elaborazione, la distribuzione e qualsiasi tipo di utilizzo al di fuori dei limiti della legge sul copyright richiedono il consenso scritto del rispettivo autore o creatore. Download e copie di questo sito sono consentiti solo per uso privato e non commerciale.<\/p><p>Nella misura in cui i contenuti di questo sito non sono stati creati dall'operatore, vengono rispettati i diritti d'autore di terzi. In particolare, i contenuti di terzi sono contrassegnati come tali. Se tuttavia doveste venire a conoscenza di una violazione del copyright, vi preghiamo di informarci. Qualora venissimo a conoscenza di violazioni, provvederemo a rimuovere immediatamente tali contenuti.<\/p>\t\t\t\t\t\t\t\t<\/div>\n\t\t\t\t\t<\/div>\n\t\t\t\t<\/div>\n\t\t\t\t<\/div>","protected":false},"excerpt":{"rendered":"<p>Impressum Angaben gem\u00e4\u00df \u00a7 5 TMG (Telemediengesetz) Naghi Mocktails Schwabstr. 19 60435 Frankfurt am Main Vertreten durch: G. Naaja Kontakt: E-Mail: info@naghi-mocktails.de [&hellip;]<\/p>\n","protected":false},"author":1,"featured_media":0,"parent":0,"menu_order":0,"comment_status":"closed","ping_status":"closed","template":"","meta":{"footnotes":""},"class_list":["post-617","page","type-page","status-publish","hentry"],"yoast_head":"<!-- This site is optimized with the Yoast SEO plugin v27.3 - https:\/\/yoast.com\/product\/yoast-seo-wordpress\/ -->\n<title>Impressum | Naghi&#039;s Mocktails<\/title>\n<meta name=\"description\" content=\"Rechtliche Angaben und Anbieterkennzeichnung von Naghi&#039;s Mocktails gem\u00e4\u00df \u00a7 5 TMG. Hier finden Sie alle rechtliche Angaben.\" \/>\n<meta name=\"robots\" content=\"index, follow, max-snippet:-1, max-image-preview:large, max-video-preview:-1\" \/>\n<link rel=\"canonical\" href=\"https:\/\/naghi-mocktails.de\/it\/impronta\/\" \/>\n<meta property=\"og:locale\" content=\"it_IT\" \/>\n<meta property=\"og:type\" content=\"article\" \/>\n<meta property=\"og:title\" content=\"Impressum | Naghi&#039;s Mocktails\" \/>\n<meta property=\"og:description\" content=\"Rechtliche Angaben und Anbieterkennzeichnung von Naghi&#039;s Mocktails gem\u00e4\u00df \u00a7 5 TMG. Hier finden Sie alle rechtliche Angaben.\" \/>\n<meta property=\"og:url\" content=\"https:\/\/naghi-mocktails.de\/it\/impronta\/\" \/>\n<meta property=\"og:site_name\" content=\"Naghi&#039;s Mocktails \u2013 Exklusive Mocktail-Konzepte f\u00fcr Events\" \/>\n<meta property=\"article:modified_time\" content=\"2025-12-17T16:51:44+00:00\" \/>\n<meta name=\"twitter:card\" content=\"summary_large_image\" \/>\n<meta name=\"twitter:label1\" content=\"Tempo di lettura stimato\" \/>\n\t<meta name=\"twitter:data1\" content=\"2 minuti\" \/>\n<script type=\"application\/ld+json\" class=\"yoast-schema-graph\">{\"@context\":\"https:\\\/\\\/schema.org\",\"@graph\":[{\"@type\":\"WebPage\",\"@id\":\"https:\\\/\\\/naghi-mocktails.de\\\/impressum\\\/\",\"url\":\"https:\\\/\\\/naghi-mocktails.de\\\/impressum\\\/\",\"name\":\"Impressum | Naghi's Mocktails\",\"isPartOf\":{\"@id\":\"https:\\\/\\\/naghi-mocktails.de\\\/#website\"},\"datePublished\":\"2025-12-14T16:02:58+00:00\",\"dateModified\":\"2025-12-17T16:51:44+00:00\",\"description\":\"Rechtliche Angaben und Anbieterkennzeichnung von Naghi's Mocktails gem\u00e4\u00df \u00a7 5 TMG. Hier finden Sie alle rechtliche Angaben.\",\"breadcrumb\":{\"@id\":\"https:\\\/\\\/naghi-mocktails.de\\\/impressum\\\/#breadcrumb\"},\"inLanguage\":\"it-IT\",\"potentialAction\":[{\"@type\":\"ReadAction\",\"target\":[\"https:\\\/\\\/naghi-mocktails.de\\\/impressum\\\/\"]}]},{\"@type\":\"BreadcrumbList\",\"@id\":\"https:\\\/\\\/naghi-mocktails.de\\\/impressum\\\/#breadcrumb\",\"itemListElement\":[{\"@type\":\"ListItem\",\"position\":1,\"name\":\"Start\",\"item\":\"https:\\\/\\\/naghi-mocktails.de\\\/\"},{\"@type\":\"ListItem\",\"position\":2,\"name\":\"Impressum\"}]},{\"@type\":\"WebSite\",\"@id\":\"https:\\\/\\\/naghi-mocktails.de\\\/#website\",\"url\":\"https:\\\/\\\/naghi-mocktails.de\\\/\",\"name\":\"Naghi Mocktails\",\"description\":\"Ma\u00dfgeschneiderte, alkoholfreie Mocktail-Konzepte f\u00fcr Hochzeiten, Corporate Events und private Feiern. Pers\u00f6nliches Probetrinken &amp; Sorglos-Service.\",\"publisher\":{\"@id\":\"https:\\\/\\\/naghi-mocktails.de\\\/#organization\"},\"potentialAction\":[{\"@type\":\"SearchAction\",\"target\":{\"@type\":\"EntryPoint\",\"urlTemplate\":\"https:\\\/\\\/naghi-mocktails.de\\\/?s={search_term_string}\"},\"query-input\":{\"@type\":\"PropertyValueSpecification\",\"valueRequired\":true,\"valueName\":\"search_term_string\"}}],\"inLanguage\":\"it-IT\"},{\"@type\":\"Organization\",\"@id\":\"https:\\\/\\\/naghi-mocktails.de\\\/#organization\",\"name\":\"Naghi Mocktails\",\"url\":\"https:\\\/\\\/naghi-mocktails.de\\\/\",\"logo\":{\"@type\":\"ImageObject\",\"inLanguage\":\"it-IT\",\"@id\":\"https:\\\/\\\/naghi-mocktails.de\\\/#\\\/schema\\\/logo\\\/image\\\/\",\"url\":\"https:\\\/\\\/naghi-mocktails.de\\\/wp-content\\\/uploads\\\/2025\\\/12\\\/logo_color_bg.svg\",\"contentUrl\":\"https:\\\/\\\/naghi-mocktails.de\\\/wp-content\\\/uploads\\\/2025\\\/12\\\/logo_color_bg.svg\",\"width\":583,\"height\":583,\"caption\":\"Naghi Mocktails\"},\"image\":{\"@id\":\"https:\\\/\\\/naghi-mocktails.de\\\/#\\\/schema\\\/logo\\\/image\\\/\"},\"sameAs\":[\"https:\\\/\\\/www.instagram.com\\\/naghi_mocktails\\\/\",\"https:\\\/\\\/www.tiktok.com\\\/@naghi_mocktails\"]}]}<\/script>\n<!-- \/ Yoast SEO plugin. -->","yoast_head_json":{"title":"Imprint | Naghi's Mocktails","description":"Informazioni legali e identificazione del fornitore di Naghi's Mocktails secondo il \u00a7 5 TMG. Qui troverete tutte le informazioni legali.","robots":{"index":"index","follow":"follow","max-snippet":"max-snippet:-1","max-image-preview":"max-image-preview:large","max-video-preview":"max-video-preview:-1"},"canonical":"https:\/\/naghi-mocktails.de\/it\/impronta\/","og_locale":"it_IT","og_type":"article","og_title":"Impressum | Naghi's Mocktails","og_description":"Rechtliche Angaben und Anbieterkennzeichnung von Naghi's Mocktails gem\u00e4\u00df \u00a7 5 TMG. Hier finden Sie alle rechtliche Angaben.","og_url":"https:\/\/naghi-mocktails.de\/it\/impronta\/","og_site_name":"Naghi&#039;s Mocktails \u2013 Exklusive Mocktail-Konzepte f\u00fcr Events","article_modified_time":"2025-12-17T16:51:44+00:00","twitter_card":"summary_large_image","twitter_misc":{"Tempo di lettura stimato":"2 minuti"},"schema":{"@context":"https:\/\/schema.org","@graph":[{"@type":"WebPage","@id":"https:\/\/naghi-mocktails.de\/impressum\/","url":"https:\/\/naghi-mocktails.de\/impressum\/","name":"Imprint | Naghi's Mocktails","isPartOf":{"@id":"https:\/\/naghi-mocktails.de\/#website"},"datePublished":"2025-12-14T16:02:58+00:00","dateModified":"2025-12-17T16:51:44+00:00","description":"Informazioni legali e identificazione del fornitore di Naghi's Mocktails secondo il \u00a7 5 TMG. Qui troverete tutte le informazioni legali.","breadcrumb":{"@id":"https:\/\/naghi-mocktails.de\/impressum\/#breadcrumb"},"inLanguage":"it-IT","potentialAction":[{"@type":"ReadAction","target":["https:\/\/naghi-mocktails.de\/impressum\/"]}]},{"@type":"BreadcrumbList","@id":"https:\/\/naghi-mocktails.de\/impressum\/#breadcrumb","itemListElement":[{"@type":"ListItem","position":1,"name":"Start","item":"https:\/\/naghi-mocktails.de\/"},{"@type":"ListItem","position":2,"name":"Impressum"}]},{"@type":"WebSite","@id":"https:\/\/naghi-mocktails.de\/#website","url":"https:\/\/naghi-mocktails.de\/","name":"Cocktail Naghi","description":"Concetti personalizzati di mocktail senza alcol per matrimoni, eventi aziendali e feste private. Degustazione personalizzata e servizio gratuito.","publisher":{"@id":"https:\/\/naghi-mocktails.de\/#organization"},"potentialAction":[{"@type":"SearchAction","target":{"@type":"EntryPoint","urlTemplate":"https:\/\/naghi-mocktails.de\/?s={search_term_string}"},"query-input":{"@type":"PropertyValueSpecification","valueRequired":true,"valueName":"search_term_string"}}],"inLanguage":"it-IT"},{"@type":"Organization","@id":"https:\/\/naghi-mocktails.de\/#organization","name":"Cocktail Naghi","url":"https:\/\/naghi-mocktails.de\/","logo":{"@type":"ImageObject","inLanguage":"it-IT","@id":"https:\/\/naghi-mocktails.de\/#\/schema\/logo\/image\/","url":"https:\/\/naghi-mocktails.de\/wp-content\/uploads\/2025\/12\/logo_color_bg.svg","contentUrl":"https:\/\/naghi-mocktails.de\/wp-content\/uploads\/2025\/12\/logo_color_bg.svg","width":583,"height":583,"caption":"Naghi Mocktails"},"image":{"@id":"https:\/\/naghi-mocktails.de\/#\/schema\/logo\/image\/"},"sameAs":["https:\/\/www.instagram.com\/naghi_mocktails\/","https:\/\/www.tiktok.com\/@naghi_mocktails"]}]}},"_links":{"self":[{"href":"https:\/\/naghi-mocktails.de\/it\/wp-json\/wp\/v2\/pages\/617","targetHints":{"allow":["GET"]}}],"collection":[{"href":"https:\/\/naghi-mocktails.de\/it\/wp-json\/wp\/v2\/pages"}],"about":[{"href":"https:\/\/naghi-mocktails.de\/it\/wp-json\/wp\/v2\/types\/page"}],"author":[{"embeddable":true,"href":"https:\/\/naghi-mocktails.de\/it\/wp-json\/wp\/v2\/users\/1"}],"replies":[{"embeddable":true,"href":"https:\/\/naghi-mocktails.de\/it\/wp-json\/wp\/v2\/comments?post=617"}],"version-history":[{"count":50,"href":"https:\/\/naghi-mocktails.de\/it\/wp-json\/wp\/v2\/pages\/617\/revisions"}],"predecessor-version":[{"id":973,"href":"https:\/\/naghi-mocktails.de\/it\/wp-json\/wp\/v2\/pages\/617\/revisions\/973"}],"wp:attachment":[{"href":"https:\/\/naghi-mocktails.de\/it\/wp-json\/wp\/v2\/media?parent=617"}],"curies":[{"name":"wp","href":"https:\/\/api.w.org\/{rel}","templated":true}]}}