{"id":617,"date":"2025-12-14T16:02:58","date_gmt":"2025-12-14T16:02:58","guid":{"rendered":"https:\/\/naghi-mocktails.de\/?page_id=617"},"modified":"2025-12-17T16:51:44","modified_gmt":"2025-12-17T16:51:44","slug":"mentions-legales","status":"publish","type":"page","link":"https:\/\/naghi-mocktails.de\/fr\/mentions-legales\/","title":{"rendered":"Mentions l\u00e9gales"},"content":{"rendered":"<div data-elementor-type=\"wp-page\" data-elementor-id=\"617\" class=\"elementor elementor-617\" data-elementor-settings=\"{&quot;element_pack_global_tooltip_width&quot;:{&quot;unit&quot;:&quot;px&quot;,&quot;size&quot;:&quot;&quot;,&quot;sizes&quot;:[]},&quot;element_pack_global_tooltip_width_tablet&quot;:{&quot;unit&quot;:&quot;px&quot;,&quot;size&quot;:&quot;&quot;,&quot;sizes&quot;:[]},&quot;element_pack_global_tooltip_width_mobile&quot;:{&quot;unit&quot;:&quot;px&quot;,&quot;size&quot;:&quot;&quot;,&quot;sizes&quot;:[]},&quot;element_pack_global_tooltip_padding&quot;:{&quot;unit&quot;:&quot;px&quot;,&quot;top&quot;:&quot;&quot;,&quot;right&quot;:&quot;&quot;,&quot;bottom&quot;:&quot;&quot;,&quot;left&quot;:&quot;&quot;,&quot;isLinked&quot;:true},&quot;element_pack_global_tooltip_padding_tablet&quot;:{&quot;unit&quot;:&quot;px&quot;,&quot;top&quot;:&quot;&quot;,&quot;right&quot;:&quot;&quot;,&quot;bottom&quot;:&quot;&quot;,&quot;left&quot;:&quot;&quot;,&quot;isLinked&quot;:true},&quot;element_pack_global_tooltip_padding_mobile&quot;:{&quot;unit&quot;:&quot;px&quot;,&quot;top&quot;:&quot;&quot;,&quot;right&quot;:&quot;&quot;,&quot;bottom&quot;:&quot;&quot;,&quot;left&quot;:&quot;&quot;,&quot;isLinked&quot;:true},&quot;element_pack_global_tooltip_border_radius&quot;:{&quot;unit&quot;:&quot;px&quot;,&quot;top&quot;:&quot;&quot;,&quot;right&quot;:&quot;&quot;,&quot;bottom&quot;:&quot;&quot;,&quot;left&quot;:&quot;&quot;,&quot;isLinked&quot;:true},&quot;element_pack_global_tooltip_border_radius_tablet&quot;:{&quot;unit&quot;:&quot;px&quot;,&quot;top&quot;:&quot;&quot;,&quot;right&quot;:&quot;&quot;,&quot;bottom&quot;:&quot;&quot;,&quot;left&quot;:&quot;&quot;,&quot;isLinked&quot;:true},&quot;element_pack_global_tooltip_border_radius_mobile&quot;:{&quot;unit&quot;:&quot;px&quot;,&quot;top&quot;:&quot;&quot;,&quot;right&quot;:&quot;&quot;,&quot;bottom&quot;:&quot;&quot;,&quot;left&quot;:&quot;&quot;,&quot;isLinked&quot;:true}}\">\n\t\t\t\t<div class=\"elementor-element elementor-element-346c24bd e-flex e-con-boxed e-con e-parent\" data-id=\"346c24bd\" data-element_type=\"container\" data-e-type=\"container\">\n\t\t\t\t\t<div class=\"e-con-inner\">\n\t\t\t\t<div class=\"elementor-element elementor-element-6f3f435 elementor-widget elementor-widget-heading\" data-id=\"6f3f435\" data-element_type=\"widget\" data-e-type=\"widget\" data-widget_type=\"heading.default\">\n\t\t\t\t\t<h2 class=\"elementor-heading-title elementor-size-default\">Mentions l\u00e9gales<\/h2>\t\t\t\t<\/div>\n\t\t\t\t<div class=\"elementor-element elementor-element-5af7820 elementor-widget elementor-widget-text-editor\" data-id=\"5af7820\" data-element_type=\"widget\" data-e-type=\"widget\" data-widget_type=\"text-editor.default\">\n\t\t\t\t\t\t\t\t\t<p>Informations selon \u00a7 5 TMG (loi sur les t\u00e9l\u00e9m\u00e9dias)<\/p>\t\t\t\t\t\t\t\t<\/div>\n\t\t\t\t<div class=\"elementor-element elementor-element-69ce811 elementor-widget elementor-widget-text-editor\" data-id=\"69ce811\" data-element_type=\"widget\" data-e-type=\"widget\" data-widget_type=\"text-editor.default\">\n\t\t\t\t\t\t\t\t\t<p>Naghi Mocktails<strong><br \/><\/strong>19, rue Schwab<br \/>60435 Francfort-sur-le-Main<\/p><p><strong>Repr\u00e9sent\u00e9 par :<br \/><\/strong>G. Naaja<\/p><p><strong>Contact :<\/strong><br \/>Courrier \u00e9lectronique : <a href=\"mailto:info@naghi-mocktails.de\">info@naghi-mocktails.de<\/a><br \/>T\u00e9l\u00e9phone : <a href=\"tel:+491758817799\">+49 175 8817799<\/a><\/p><p><strong>Num\u00e9ro d'identification de la taxe sur le chiffre d'affaires :<\/strong><br \/>FR271962839<\/p>\t\t\t\t\t\t\t\t<\/div>\n\t\t\t\t\t<\/div>\n\t\t\t\t<\/div>\n\t\t<div class=\"elementor-element elementor-element-f2c8307 e-flex e-con-boxed e-con e-parent\" data-id=\"f2c8307\" data-element_type=\"container\" data-e-type=\"container\" data-settings=\"{&quot;background_background&quot;:&quot;classic&quot;}\">\n\t\t\t\t\t<div class=\"e-con-inner\">\n\t\t\t\t<div class=\"elementor-element elementor-element-f439f39 elementor-widget elementor-widget-spacer\" data-id=\"f439f39\" data-element_type=\"widget\" data-e-type=\"widget\" data-widget_type=\"spacer.default\">\n\t\t\t\t\t\t\t<div class=\"elementor-spacer\">\n\t\t\t<div class=\"elementor-spacer-inner\"><\/div>\n\t\t<\/div>\n\t\t\t\t\t\t<\/div>\n\t\t\t\t<div class=\"elementor-element elementor-element-60f1cc4 elementor-widget elementor-widget-heading\" data-id=\"60f1cc4\" data-element_type=\"widget\" data-e-type=\"widget\" data-widget_type=\"heading.default\">\n\t\t\t\t\t<h2 class=\"elementor-heading-title elementor-size-default\">R\u00e8glement des litiges<\/h2>\t\t\t\t<\/div>\n\t\t\t\t<div class=\"elementor-element elementor-element-c7f9510 elementor-widget elementor-widget-text-editor\" data-id=\"c7f9510\" data-element_type=\"widget\" data-e-type=\"widget\" data-widget_type=\"text-editor.default\">\n\t\t\t\t\t\t\t\t\t<p>La Commission europ\u00e9enne met \u00e0 disposition une plateforme de r\u00e8glement en ligne des litiges (RLL) : <a href=\"https:\/\/ec.europa.eu\/consumers\/odr\" target=\"_blank\" rel=\"noopener\">https:\/\/ec.europa.eu\/consumers\/odr<\/a>.<br \/>Vous trouverez notre adresse e-mail en haut dans les mentions l\u00e9gales.<\/p><p>Nous ne sommes pas pr\u00eats ou oblig\u00e9s de participer \u00e0 des proc\u00e9dures de r\u00e8glement des litiges devant un organisme de conciliation des consommateurs.<\/p>\t\t\t\t\t\t\t\t<\/div>\n\t\t\t\t\t<\/div>\n\t\t\t\t<\/div>\n\t\t<div class=\"elementor-element elementor-element-e587ca2 e-flex e-con-boxed e-con e-parent\" data-id=\"e587ca2\" data-element_type=\"container\" data-e-type=\"container\">\n\t\t\t\t\t<div class=\"e-con-inner\">\n\t\t\t\t<div class=\"elementor-element elementor-element-835bb97 elementor-widget elementor-widget-spacer\" data-id=\"835bb97\" data-element_type=\"widget\" data-e-type=\"widget\" data-widget_type=\"spacer.default\">\n\t\t\t\t\t\t\t<div class=\"elementor-spacer\">\n\t\t\t<div class=\"elementor-spacer-inner\"><\/div>\n\t\t<\/div>\n\t\t\t\t\t\t<\/div>\n\t\t\t\t<div class=\"elementor-element elementor-element-94f6647 elementor-widget elementor-widget-heading\" data-id=\"94f6647\" data-element_type=\"widget\" data-e-type=\"widget\" data-widget_type=\"heading.default\">\n\t\t\t\t\t<h2 class=\"elementor-heading-title elementor-size-default\">Responsabilit\u00e9 du contenu<\/h2>\t\t\t\t<\/div>\n\t\t\t\t<div class=\"elementor-element elementor-element-cadf388 elementor-widget elementor-widget-text-editor\" data-id=\"cadf388\" data-element_type=\"widget\" data-e-type=\"widget\" data-widget_type=\"text-editor.default\">\n\t\t\t\t\t\t\t\t\t<p>En tant que prestataire de services, nous sommes responsables, conform\u00e9ment au \u00a7 7 alin\u00e9a 1 de la loi allemande sur les t\u00e9l\u00e9m\u00e9dias (TMG), de nos propres contenus sur ces pages selon les lois g\u00e9n\u00e9rales. Selon les \u00a7\u00a7 8 \u00e0 10 de la TMG, nous ne sommes toutefois pas tenus, en tant que prestataire de services, de surveiller les informations externes transmises ou enregistr\u00e9es ou de rechercher les circonstances qui indiquent une activit\u00e9 ill\u00e9gale.<\/p><p>Les obligations de supprimer ou de bloquer l'utilisation d'informations conform\u00e9ment aux lois g\u00e9n\u00e9rales restent inchang\u00e9es. Une responsabilit\u00e9 \u00e0 cet \u00e9gard n'est toutefois possible qu'\u00e0 partir du moment o\u00f9 une violation concr\u00e8te de la loi est connue. D\u00e8s la prise de connaissance d'une telle violation, nous supprimerons imm\u00e9diatement les contenus concern\u00e9s.<\/p>\t\t\t\t\t\t\t\t<\/div>\n\t\t\t\t\t<\/div>\n\t\t\t\t<\/div>\n\t\t<div class=\"elementor-element elementor-element-6e6a079 e-flex e-con-boxed e-con e-parent\" data-id=\"6e6a079\" data-element_type=\"container\" data-e-type=\"container\" data-settings=\"{&quot;background_background&quot;:&quot;classic&quot;}\">\n\t\t\t\t\t<div class=\"e-con-inner\">\n\t\t\t\t<div class=\"elementor-element elementor-element-566e87f elementor-widget elementor-widget-spacer\" data-id=\"566e87f\" data-element_type=\"widget\" data-e-type=\"widget\" data-widget_type=\"spacer.default\">\n\t\t\t\t\t\t\t<div class=\"elementor-spacer\">\n\t\t\t<div class=\"elementor-spacer-inner\"><\/div>\n\t\t<\/div>\n\t\t\t\t\t\t<\/div>\n\t\t\t\t<div class=\"elementor-element elementor-element-d837d59 elementor-widget elementor-widget-heading\" data-id=\"d837d59\" data-element_type=\"widget\" data-e-type=\"widget\" data-widget_type=\"heading.default\">\n\t\t\t\t\t<h2 class=\"elementor-heading-title elementor-size-default\">Responsabilit\u00e9 pour les liens<\/h2>\t\t\t\t<\/div>\n\t\t\t\t<div class=\"elementor-element elementor-element-7ae81cb elementor-widget elementor-widget-text-editor\" data-id=\"7ae81cb\" data-element_type=\"widget\" data-e-type=\"widget\" data-widget_type=\"text-editor.default\">\n\t\t\t\t\t\t\t\t\t<p>Notre offre contient des liens vers des sites web externes de tiers, sur le contenu desquels nous n'avons aucune influence. C'est pourquoi nous ne pouvons pas non plus nous porter garants de ces contenus externes. Le fournisseur ou l'exploitant des pages li\u00e9es est toujours responsable des contenus de ces pages. Les pages li\u00e9es ont \u00e9t\u00e9 contr\u00f4l\u00e9es au moment de la cr\u00e9ation du lien afin de v\u00e9rifier qu'elles ne pr\u00e9sentaient pas d'infraction \u00e0 la loi. Aucun contenu ill\u00e9gal n'a \u00e9t\u00e9 identifi\u00e9 au moment de la cr\u00e9ation des liens.<\/p><p>Un contr\u00f4le permanent du contenu des pages li\u00e9es n'est cependant pas exigible sans indices concrets d'une violation de la loi. D\u00e8s que nous aurons connaissance d'une violation de la loi, nous supprimerons imm\u00e9diatement les liens concern\u00e9s.<\/p>\t\t\t\t\t\t\t\t<\/div>\n\t\t\t\t\t<\/div>\n\t\t\t\t<\/div>\n\t\t<div class=\"elementor-element elementor-element-61ed957 e-flex e-con-boxed e-con e-parent\" data-id=\"61ed957\" data-element_type=\"container\" data-e-type=\"container\">\n\t\t\t\t\t<div class=\"e-con-inner\">\n\t\t\t\t<div class=\"elementor-element elementor-element-8cb88b6 elementor-widget elementor-widget-spacer\" data-id=\"8cb88b6\" data-element_type=\"widget\" data-e-type=\"widget\" data-widget_type=\"spacer.default\">\n\t\t\t\t\t\t\t<div class=\"elementor-spacer\">\n\t\t\t<div class=\"elementor-spacer-inner\"><\/div>\n\t\t<\/div>\n\t\t\t\t\t\t<\/div>\n\t\t\t\t<div class=\"elementor-element elementor-element-57f5768 elementor-widget elementor-widget-heading\" data-id=\"57f5768\" data-element_type=\"widget\" data-e-type=\"widget\" data-widget_type=\"heading.default\">\n\t\t\t\t\t<h2 class=\"elementor-heading-title elementor-size-default\">Droit d'auteur<\/h2>\t\t\t\t<\/div>\n\t\t\t\t<div class=\"elementor-element elementor-element-9bbb6f3 elementor-widget elementor-widget-text-editor\" data-id=\"9bbb6f3\" data-element_type=\"widget\" data-e-type=\"widget\" data-widget_type=\"text-editor.default\">\n\t\t\t\t\t\t\t\t\t<p>Les contenus et les \u0153uvres cr\u00e9\u00e9s par les exploitants de ces pages sont soumis au droit d'auteur allemand. La reproduction, le traitement, la diffusion et toute forme d'exploitation en dehors des limites du droit d'auteur requi\u00e8rent l'accord \u00e9crit de l'auteur ou du cr\u00e9ateur concern\u00e9. Les t\u00e9l\u00e9chargements et les copies de ce site ne sont autoris\u00e9s que pour un usage priv\u00e9 et non commercial.<\/p><p>Dans la mesure o\u00f9 les contenus de ce site n'ont pas \u00e9t\u00e9 cr\u00e9\u00e9s par l'exploitant, les droits d'auteur de tiers sont respect\u00e9s. Les contenus de tiers sont notamment identifi\u00e9s comme tels. Si vous deviez n\u00e9anmoins constater une violation des droits d'auteur, nous vous prions de nous en informer. D\u00e8s la prise de connaissance d'une violation de la loi, nous supprimerons imm\u00e9diatement les contenus concern\u00e9s.<\/p>\t\t\t\t\t\t\t\t<\/div>\n\t\t\t\t\t<\/div>\n\t\t\t\t<\/div>\n\t\t\t\t<\/div>","protected":false},"excerpt":{"rendered":"<p>Impressum Angaben gem\u00e4\u00df \u00a7 5 TMG (Telemediengesetz) Naghi Mocktails Schwabstr. 19 60435 Frankfurt am Main Vertreten durch: G. Naaja Kontakt: E-Mail: info@naghi-mocktails.de [&hellip;]<\/p>\n","protected":false},"author":1,"featured_media":0,"parent":0,"menu_order":0,"comment_status":"closed","ping_status":"closed","template":"","meta":{"footnotes":""},"class_list":["post-617","page","type-page","status-publish","hentry"],"yoast_head":"<!-- This site is optimized with the Yoast SEO plugin v27.3 - https:\/\/yoast.com\/product\/yoast-seo-wordpress\/ -->\n<title>Impressum | Naghi&#039;s Mocktails<\/title>\n<meta name=\"description\" content=\"Rechtliche Angaben und Anbieterkennzeichnung von Naghi&#039;s Mocktails gem\u00e4\u00df \u00a7 5 TMG. Hier finden Sie alle rechtliche Angaben.\" \/>\n<meta name=\"robots\" content=\"index, follow, max-snippet:-1, max-image-preview:large, max-video-preview:-1\" \/>\n<link rel=\"canonical\" href=\"https:\/\/naghi-mocktails.de\/fr\/mentions-legales\/\" \/>\n<meta property=\"og:locale\" content=\"fr_FR\" \/>\n<meta property=\"og:type\" content=\"article\" \/>\n<meta property=\"og:title\" content=\"Impressum | Naghi&#039;s Mocktails\" \/>\n<meta property=\"og:description\" content=\"Rechtliche Angaben und Anbieterkennzeichnung von Naghi&#039;s Mocktails gem\u00e4\u00df \u00a7 5 TMG. Hier finden Sie alle rechtliche Angaben.\" \/>\n<meta property=\"og:url\" content=\"https:\/\/naghi-mocktails.de\/fr\/mentions-legales\/\" \/>\n<meta property=\"og:site_name\" content=\"Naghi&#039;s Mocktails \u2013 Exklusive Mocktail-Konzepte f\u00fcr Events\" \/>\n<meta property=\"article:modified_time\" content=\"2025-12-17T16:51:44+00:00\" \/>\n<meta name=\"twitter:card\" content=\"summary_large_image\" \/>\n<meta name=\"twitter:label1\" content=\"Dur\u00e9e de lecture estim\u00e9e\" \/>\n\t<meta name=\"twitter:data1\" content=\"2 minutes\" \/>\n<script type=\"application\/ld+json\" class=\"yoast-schema-graph\">{\"@context\":\"https:\\\/\\\/schema.org\",\"@graph\":[{\"@type\":\"WebPage\",\"@id\":\"https:\\\/\\\/naghi-mocktails.de\\\/impressum\\\/\",\"url\":\"https:\\\/\\\/naghi-mocktails.de\\\/impressum\\\/\",\"name\":\"Impressum | Naghi's Mocktails\",\"isPartOf\":{\"@id\":\"https:\\\/\\\/naghi-mocktails.de\\\/#website\"},\"datePublished\":\"2025-12-14T16:02:58+00:00\",\"dateModified\":\"2025-12-17T16:51:44+00:00\",\"description\":\"Rechtliche Angaben und Anbieterkennzeichnung von Naghi's Mocktails gem\u00e4\u00df \u00a7 5 TMG. Hier finden Sie alle rechtliche Angaben.\",\"breadcrumb\":{\"@id\":\"https:\\\/\\\/naghi-mocktails.de\\\/impressum\\\/#breadcrumb\"},\"inLanguage\":\"fr-FR\",\"potentialAction\":[{\"@type\":\"ReadAction\",\"target\":[\"https:\\\/\\\/naghi-mocktails.de\\\/impressum\\\/\"]}]},{\"@type\":\"BreadcrumbList\",\"@id\":\"https:\\\/\\\/naghi-mocktails.de\\\/impressum\\\/#breadcrumb\",\"itemListElement\":[{\"@type\":\"ListItem\",\"position\":1,\"name\":\"Start\",\"item\":\"https:\\\/\\\/naghi-mocktails.de\\\/\"},{\"@type\":\"ListItem\",\"position\":2,\"name\":\"Impressum\"}]},{\"@type\":\"WebSite\",\"@id\":\"https:\\\/\\\/naghi-mocktails.de\\\/#website\",\"url\":\"https:\\\/\\\/naghi-mocktails.de\\\/\",\"name\":\"Naghi Mocktails\",\"description\":\"Ma\u00dfgeschneiderte, alkoholfreie Mocktail-Konzepte f\u00fcr Hochzeiten, Corporate Events und private Feiern. Pers\u00f6nliches Probetrinken &amp; Sorglos-Service.\",\"publisher\":{\"@id\":\"https:\\\/\\\/naghi-mocktails.de\\\/#organization\"},\"potentialAction\":[{\"@type\":\"SearchAction\",\"target\":{\"@type\":\"EntryPoint\",\"urlTemplate\":\"https:\\\/\\\/naghi-mocktails.de\\\/?s={search_term_string}\"},\"query-input\":{\"@type\":\"PropertyValueSpecification\",\"valueRequired\":true,\"valueName\":\"search_term_string\"}}],\"inLanguage\":\"fr-FR\"},{\"@type\":\"Organization\",\"@id\":\"https:\\\/\\\/naghi-mocktails.de\\\/#organization\",\"name\":\"Naghi Mocktails\",\"url\":\"https:\\\/\\\/naghi-mocktails.de\\\/\",\"logo\":{\"@type\":\"ImageObject\",\"inLanguage\":\"fr-FR\",\"@id\":\"https:\\\/\\\/naghi-mocktails.de\\\/#\\\/schema\\\/logo\\\/image\\\/\",\"url\":\"https:\\\/\\\/naghi-mocktails.de\\\/wp-content\\\/uploads\\\/2025\\\/12\\\/logo_color_bg.svg\",\"contentUrl\":\"https:\\\/\\\/naghi-mocktails.de\\\/wp-content\\\/uploads\\\/2025\\\/12\\\/logo_color_bg.svg\",\"width\":583,\"height\":583,\"caption\":\"Naghi Mocktails\"},\"image\":{\"@id\":\"https:\\\/\\\/naghi-mocktails.de\\\/#\\\/schema\\\/logo\\\/image\\\/\"},\"sameAs\":[\"https:\\\/\\\/www.instagram.com\\\/naghi_mocktails\\\/\",\"https:\\\/\\\/www.tiktok.com\\\/@naghi_mocktails\"]}]}<\/script>\n<!-- \/ Yoast SEO plugin. -->","yoast_head_json":{"title":"Mentions l\u00e9gales | Naghi's Mocktails","description":"Informations juridiques et identification du fournisseur de Naghi's Mocktails conform\u00e9ment au \u00a7 5 de la loi allemande sur les m\u00e9dias \u00e9lectroniques (TMG). Vous trouverez ici toutes les informations l\u00e9gales.","robots":{"index":"index","follow":"follow","max-snippet":"max-snippet:-1","max-image-preview":"max-image-preview:large","max-video-preview":"max-video-preview:-1"},"canonical":"https:\/\/naghi-mocktails.de\/fr\/mentions-legales\/","og_locale":"fr_FR","og_type":"article","og_title":"Impressum | Naghi's Mocktails","og_description":"Rechtliche Angaben und Anbieterkennzeichnung von Naghi's Mocktails gem\u00e4\u00df \u00a7 5 TMG. Hier finden Sie alle rechtliche Angaben.","og_url":"https:\/\/naghi-mocktails.de\/fr\/mentions-legales\/","og_site_name":"Naghi&#039;s Mocktails \u2013 Exklusive Mocktail-Konzepte f\u00fcr Events","article_modified_time":"2025-12-17T16:51:44+00:00","twitter_card":"summary_large_image","twitter_misc":{"Dur\u00e9e de lecture estim\u00e9e":"2 minutes"},"schema":{"@context":"https:\/\/schema.org","@graph":[{"@type":"WebPage","@id":"https:\/\/naghi-mocktails.de\/impressum\/","url":"https:\/\/naghi-mocktails.de\/impressum\/","name":"Mentions l\u00e9gales | Naghi's Mocktails","isPartOf":{"@id":"https:\/\/naghi-mocktails.de\/#website"},"datePublished":"2025-12-14T16:02:58+00:00","dateModified":"2025-12-17T16:51:44+00:00","description":"Informations juridiques et identification du fournisseur de Naghi's Mocktails conform\u00e9ment au \u00a7 5 de la loi allemande sur les m\u00e9dias \u00e9lectroniques (TMG). Vous trouverez ici toutes les informations l\u00e9gales.","breadcrumb":{"@id":"https:\/\/naghi-mocktails.de\/impressum\/#breadcrumb"},"inLanguage":"fr-FR","potentialAction":[{"@type":"ReadAction","target":["https:\/\/naghi-mocktails.de\/impressum\/"]}]},{"@type":"BreadcrumbList","@id":"https:\/\/naghi-mocktails.de\/impressum\/#breadcrumb","itemListElement":[{"@type":"ListItem","position":1,"name":"Start","item":"https:\/\/naghi-mocktails.de\/"},{"@type":"ListItem","position":2,"name":"Impressum"}]},{"@type":"WebSite","@id":"https:\/\/naghi-mocktails.de\/#website","url":"https:\/\/naghi-mocktails.de\/","name":"Naghi Mocktails","description":"Concepts de mocktails sur mesure et sans alcool pour les mariages, les \u00e9v\u00e9nements d'entreprise et les f\u00eates priv\u00e9es. D\u00e9gustation personnelle &amp; service sans souci.","publisher":{"@id":"https:\/\/naghi-mocktails.de\/#organization"},"potentialAction":[{"@type":"SearchAction","target":{"@type":"EntryPoint","urlTemplate":"https:\/\/naghi-mocktails.de\/?s={search_term_string}"},"query-input":{"@type":"PropertyValueSpecification","valueRequired":true,"valueName":"search_term_string"}}],"inLanguage":"fr-FR"},{"@type":"Organization","@id":"https:\/\/naghi-mocktails.de\/#organization","name":"Naghi Mocktails","url":"https:\/\/naghi-mocktails.de\/","logo":{"@type":"ImageObject","inLanguage":"fr-FR","@id":"https:\/\/naghi-mocktails.de\/#\/schema\/logo\/image\/","url":"https:\/\/naghi-mocktails.de\/wp-content\/uploads\/2025\/12\/logo_color_bg.svg","contentUrl":"https:\/\/naghi-mocktails.de\/wp-content\/uploads\/2025\/12\/logo_color_bg.svg","width":583,"height":583,"caption":"Naghi Mocktails"},"image":{"@id":"https:\/\/naghi-mocktails.de\/#\/schema\/logo\/image\/"},"sameAs":["https:\/\/www.instagram.com\/naghi_mocktails\/","https:\/\/www.tiktok.com\/@naghi_mocktails"]}]}},"_links":{"self":[{"href":"https:\/\/naghi-mocktails.de\/fr\/wp-json\/wp\/v2\/pages\/617","targetHints":{"allow":["GET"]}}],"collection":[{"href":"https:\/\/naghi-mocktails.de\/fr\/wp-json\/wp\/v2\/pages"}],"about":[{"href":"https:\/\/naghi-mocktails.de\/fr\/wp-json\/wp\/v2\/types\/page"}],"author":[{"embeddable":true,"href":"https:\/\/naghi-mocktails.de\/fr\/wp-json\/wp\/v2\/users\/1"}],"replies":[{"embeddable":true,"href":"https:\/\/naghi-mocktails.de\/fr\/wp-json\/wp\/v2\/comments?post=617"}],"version-history":[{"count":50,"href":"https:\/\/naghi-mocktails.de\/fr\/wp-json\/wp\/v2\/pages\/617\/revisions"}],"predecessor-version":[{"id":973,"href":"https:\/\/naghi-mocktails.de\/fr\/wp-json\/wp\/v2\/pages\/617\/revisions\/973"}],"wp:attachment":[{"href":"https:\/\/naghi-mocktails.de\/fr\/wp-json\/wp\/v2\/media?parent=617"}],"curies":[{"name":"wp","href":"https:\/\/api.w.org\/{rel}","templated":true}]}}