{"id":617,"date":"2025-12-14T16:02:58","date_gmt":"2025-12-14T16:02:58","guid":{"rendered":"https:\/\/naghi-mocktails.de\/?page_id=617"},"modified":"2025-12-17T16:51:44","modified_gmt":"2025-12-17T16:51:44","slug":"imprimir","status":"publish","type":"page","link":"https:\/\/naghi-mocktails.de\/es\/imprimir\/","title":{"rendered":"Pie de imprenta"},"content":{"rendered":"<div data-elementor-type=\"wp-page\" data-elementor-id=\"617\" class=\"elementor elementor-617\" data-elementor-settings=\"{&quot;element_pack_global_tooltip_width&quot;:{&quot;unit&quot;:&quot;px&quot;,&quot;size&quot;:&quot;&quot;,&quot;sizes&quot;:[]},&quot;element_pack_global_tooltip_width_tablet&quot;:{&quot;unit&quot;:&quot;px&quot;,&quot;size&quot;:&quot;&quot;,&quot;sizes&quot;:[]},&quot;element_pack_global_tooltip_width_mobile&quot;:{&quot;unit&quot;:&quot;px&quot;,&quot;size&quot;:&quot;&quot;,&quot;sizes&quot;:[]},&quot;element_pack_global_tooltip_padding&quot;:{&quot;unit&quot;:&quot;px&quot;,&quot;top&quot;:&quot;&quot;,&quot;right&quot;:&quot;&quot;,&quot;bottom&quot;:&quot;&quot;,&quot;left&quot;:&quot;&quot;,&quot;isLinked&quot;:true},&quot;element_pack_global_tooltip_padding_tablet&quot;:{&quot;unit&quot;:&quot;px&quot;,&quot;top&quot;:&quot;&quot;,&quot;right&quot;:&quot;&quot;,&quot;bottom&quot;:&quot;&quot;,&quot;left&quot;:&quot;&quot;,&quot;isLinked&quot;:true},&quot;element_pack_global_tooltip_padding_mobile&quot;:{&quot;unit&quot;:&quot;px&quot;,&quot;top&quot;:&quot;&quot;,&quot;right&quot;:&quot;&quot;,&quot;bottom&quot;:&quot;&quot;,&quot;left&quot;:&quot;&quot;,&quot;isLinked&quot;:true},&quot;element_pack_global_tooltip_border_radius&quot;:{&quot;unit&quot;:&quot;px&quot;,&quot;top&quot;:&quot;&quot;,&quot;right&quot;:&quot;&quot;,&quot;bottom&quot;:&quot;&quot;,&quot;left&quot;:&quot;&quot;,&quot;isLinked&quot;:true},&quot;element_pack_global_tooltip_border_radius_tablet&quot;:{&quot;unit&quot;:&quot;px&quot;,&quot;top&quot;:&quot;&quot;,&quot;right&quot;:&quot;&quot;,&quot;bottom&quot;:&quot;&quot;,&quot;left&quot;:&quot;&quot;,&quot;isLinked&quot;:true},&quot;element_pack_global_tooltip_border_radius_mobile&quot;:{&quot;unit&quot;:&quot;px&quot;,&quot;top&quot;:&quot;&quot;,&quot;right&quot;:&quot;&quot;,&quot;bottom&quot;:&quot;&quot;,&quot;left&quot;:&quot;&quot;,&quot;isLinked&quot;:true}}\">\n\t\t\t\t<div class=\"elementor-element elementor-element-346c24bd e-flex e-con-boxed e-con e-parent\" data-id=\"346c24bd\" data-element_type=\"container\" data-e-type=\"container\">\n\t\t\t\t\t<div class=\"e-con-inner\">\n\t\t\t\t<div class=\"elementor-element elementor-element-6f3f435 elementor-widget elementor-widget-heading\" data-id=\"6f3f435\" data-element_type=\"widget\" data-e-type=\"widget\" data-widget_type=\"heading.default\">\n\t\t\t\t\t<h2 class=\"elementor-heading-title elementor-size-default\">Pie de imprenta<\/h2>\t\t\t\t<\/div>\n\t\t\t\t<div class=\"elementor-element elementor-element-5af7820 elementor-widget elementor-widget-text-editor\" data-id=\"5af7820\" data-element_type=\"widget\" data-e-type=\"widget\" data-widget_type=\"text-editor.default\">\n\t\t\t\t\t\t\t\t\t<p>Informaci\u00f3n con arreglo al art\u00edculo 5 de la TMG (Telemediengesetz)<\/p>\t\t\t\t\t\t\t\t<\/div>\n\t\t\t\t<div class=\"elementor-element elementor-element-69ce811 elementor-widget elementor-widget-text-editor\" data-id=\"69ce811\" data-element_type=\"widget\" data-e-type=\"widget\" data-widget_type=\"text-editor.default\">\n\t\t\t\t\t\t\t\t\t<p>C\u00f3cteles Naghi<strong><br \/><\/strong>Schwabstr. 19<br \/>60435 Fr\u00e1ncfort del Meno<\/p><p><strong>Representado por:<br \/><\/strong>G. Naaja<\/p><p><strong>Contacto:<\/strong><br \/>correo electr\u00f3nico: <a href=\"mailto:info@naghi-mocktails.de\">info@naghi-mocktails.de<\/a><br \/>Tel\u00e9fono: <a href=\"tel:+491758817799\">+49 175 8817799<\/a><\/p><p><strong>N\u00famero de identificaci\u00f3n fiscal:<\/strong><br \/>DE271962839<\/p>\t\t\t\t\t\t\t\t<\/div>\n\t\t\t\t\t<\/div>\n\t\t\t\t<\/div>\n\t\t<div class=\"elementor-element elementor-element-f2c8307 e-flex e-con-boxed e-con e-parent\" data-id=\"f2c8307\" data-element_type=\"container\" data-e-type=\"container\" data-settings=\"{&quot;background_background&quot;:&quot;classic&quot;}\">\n\t\t\t\t\t<div class=\"e-con-inner\">\n\t\t\t\t<div class=\"elementor-element elementor-element-f439f39 elementor-widget elementor-widget-spacer\" data-id=\"f439f39\" data-element_type=\"widget\" data-e-type=\"widget\" data-widget_type=\"spacer.default\">\n\t\t\t\t\t\t\t<div class=\"elementor-spacer\">\n\t\t\t<div class=\"elementor-spacer-inner\"><\/div>\n\t\t<\/div>\n\t\t\t\t\t\t<\/div>\n\t\t\t\t<div class=\"elementor-element elementor-element-60f1cc4 elementor-widget elementor-widget-heading\" data-id=\"60f1cc4\" data-element_type=\"widget\" data-e-type=\"widget\" data-widget_type=\"heading.default\">\n\t\t\t\t\t<h2 class=\"elementor-heading-title elementor-size-default\">Resoluci\u00f3n de litigios<\/h2>\t\t\t\t<\/div>\n\t\t\t\t<div class=\"elementor-element elementor-element-c7f9510 elementor-widget elementor-widget-text-editor\" data-id=\"c7f9510\" data-element_type=\"widget\" data-e-type=\"widget\" data-widget_type=\"text-editor.default\">\n\t\t\t\t\t\t\t\t\t<p>La Comisi\u00f3n Europea ofrece una plataforma para la resoluci\u00f3n de litigios en l\u00ednea (OS): <a href=\"https:\/\/ec.europa.eu\/consumers\/odr\" target=\"_blank\" rel=\"noopener\">https:\/\/ec.europa.eu\/consumers\/odr<\/a>.<br \/>Encontrar\u00e1 nuestra direcci\u00f3n de correo electr\u00f3nico en el aviso legal anterior.<\/p><p>No estamos dispuestos ni obligados a participar en procedimientos de resoluci\u00f3n de litigios ante una junta arbitral de consumo.<\/p>\t\t\t\t\t\t\t\t<\/div>\n\t\t\t\t\t<\/div>\n\t\t\t\t<\/div>\n\t\t<div class=\"elementor-element elementor-element-e587ca2 e-flex e-con-boxed e-con e-parent\" data-id=\"e587ca2\" data-element_type=\"container\" data-e-type=\"container\">\n\t\t\t\t\t<div class=\"e-con-inner\">\n\t\t\t\t<div class=\"elementor-element elementor-element-835bb97 elementor-widget elementor-widget-spacer\" data-id=\"835bb97\" data-element_type=\"widget\" data-e-type=\"widget\" data-widget_type=\"spacer.default\">\n\t\t\t\t\t\t\t<div class=\"elementor-spacer\">\n\t\t\t<div class=\"elementor-spacer-inner\"><\/div>\n\t\t<\/div>\n\t\t\t\t\t\t<\/div>\n\t\t\t\t<div class=\"elementor-element elementor-element-94f6647 elementor-widget elementor-widget-heading\" data-id=\"94f6647\" data-element_type=\"widget\" data-e-type=\"widget\" data-widget_type=\"heading.default\">\n\t\t\t\t\t<h2 class=\"elementor-heading-title elementor-size-default\">Responsabilidad por los contenidos<\/h2>\t\t\t\t<\/div>\n\t\t\t\t<div class=\"elementor-element elementor-element-cadf388 elementor-widget elementor-widget-text-editor\" data-id=\"cadf388\" data-element_type=\"widget\" data-e-type=\"widget\" data-widget_type=\"text-editor.default\">\n\t\t\t\t\t\t\t\t\t<p>Como proveedor de servicios, somos responsables de nuestros propios contenidos en estas p\u00e1ginas de conformidad con el art\u00edculo 7 (1) de la TMG (Ley alemana de medios de telecomunicaci\u00f3n) y la legislaci\u00f3n general. Sin embargo, seg\u00fan los \u00a7\u00a7 8 a 10 de la TMG, como proveedor de servicios no estamos obligados a controlar la informaci\u00f3n ajena transmitida o almacenada ni a investigar circunstancias que indiquen una actividad ilegal.<\/p><p>Esto no afecta a las obligaciones de eliminar o bloquear el uso de informaci\u00f3n de conformidad con la legislaci\u00f3n general. Sin embargo, la responsabilidad a este respecto s\u00f3lo ser\u00e1 posible a partir del momento en que tengamos conocimiento de una infracci\u00f3n concreta. En cuanto tengamos conocimiento de tales infracciones, eliminaremos inmediatamente estos contenidos.<\/p>\t\t\t\t\t\t\t\t<\/div>\n\t\t\t\t\t<\/div>\n\t\t\t\t<\/div>\n\t\t<div class=\"elementor-element elementor-element-6e6a079 e-flex e-con-boxed e-con e-parent\" data-id=\"6e6a079\" data-element_type=\"container\" data-e-type=\"container\" data-settings=\"{&quot;background_background&quot;:&quot;classic&quot;}\">\n\t\t\t\t\t<div class=\"e-con-inner\">\n\t\t\t\t<div class=\"elementor-element elementor-element-566e87f elementor-widget elementor-widget-spacer\" data-id=\"566e87f\" data-element_type=\"widget\" data-e-type=\"widget\" data-widget_type=\"spacer.default\">\n\t\t\t\t\t\t\t<div class=\"elementor-spacer\">\n\t\t\t<div class=\"elementor-spacer-inner\"><\/div>\n\t\t<\/div>\n\t\t\t\t\t\t<\/div>\n\t\t\t\t<div class=\"elementor-element elementor-element-d837d59 elementor-widget elementor-widget-heading\" data-id=\"d837d59\" data-element_type=\"widget\" data-e-type=\"widget\" data-widget_type=\"heading.default\">\n\t\t\t\t\t<h2 class=\"elementor-heading-title elementor-size-default\">Responsabilidad de los enlaces<\/h2>\t\t\t\t<\/div>\n\t\t\t\t<div class=\"elementor-element elementor-element-7ae81cb elementor-widget elementor-widget-text-editor\" data-id=\"7ae81cb\" data-element_type=\"widget\" data-e-type=\"widget\" data-widget_type=\"text-editor.default\">\n\t\t\t\t\t\t\t\t\t<p>Nuestro sitio web contiene enlaces a sitios web externos de terceros sobre cuyo contenido no tenemos ninguna influencia. Por lo tanto, no podemos aceptar ninguna responsabilidad por este contenido de terceros. El respectivo proveedor u operador de las p\u00e1ginas es siempre responsable del contenido de las p\u00e1ginas enlazadas. Las p\u00e1ginas enlazadas fueron revisadas en el momento de enlazarlas para detectar posibles infracciones legales. En el momento de establecer el enlace no se detectaron contenidos ilegales.<\/p><p>Sin embargo, no es razonable un control permanente del contenido de las p\u00e1ginas enlazadas sin pruebas concretas de una infracci\u00f3n. Si tenemos conocimiento de alguna infracci\u00f3n legal, eliminaremos dichos enlaces inmediatamente.<\/p>\t\t\t\t\t\t\t\t<\/div>\n\t\t\t\t\t<\/div>\n\t\t\t\t<\/div>\n\t\t<div class=\"elementor-element elementor-element-61ed957 e-flex e-con-boxed e-con e-parent\" data-id=\"61ed957\" data-element_type=\"container\" data-e-type=\"container\">\n\t\t\t\t\t<div class=\"e-con-inner\">\n\t\t\t\t<div class=\"elementor-element elementor-element-8cb88b6 elementor-widget elementor-widget-spacer\" data-id=\"8cb88b6\" data-element_type=\"widget\" data-e-type=\"widget\" data-widget_type=\"spacer.default\">\n\t\t\t\t\t\t\t<div class=\"elementor-spacer\">\n\t\t\t<div class=\"elementor-spacer-inner\"><\/div>\n\t\t<\/div>\n\t\t\t\t\t\t<\/div>\n\t\t\t\t<div class=\"elementor-element elementor-element-57f5768 elementor-widget elementor-widget-heading\" data-id=\"57f5768\" data-element_type=\"widget\" data-e-type=\"widget\" data-widget_type=\"heading.default\">\n\t\t\t\t\t<h2 class=\"elementor-heading-title elementor-size-default\">Copyright<\/h2>\t\t\t\t<\/div>\n\t\t\t\t<div class=\"elementor-element elementor-element-9bbb6f3 elementor-widget elementor-widget-text-editor\" data-id=\"9bbb6f3\" data-element_type=\"widget\" data-e-type=\"widget\" data-widget_type=\"text-editor.default\">\n\t\t\t\t\t\t\t\t\t<p>Los contenidos y obras creados por los operadores de estas p\u00e1ginas est\u00e1n sujetos a la legislaci\u00f3n alemana sobre derechos de autor. La reproducci\u00f3n, el procesamiento, la distribuci\u00f3n y cualquier tipo de utilizaci\u00f3n fuera de los l\u00edmites de la ley de derechos de autor requieren el consentimiento por escrito del respectivo autor o creador. Las descargas y copias de este sitio s\u00f3lo est\u00e1n permitidas para uso privado y no comercial.<\/p><p>En la medida en que el contenido de este sitio no haya sido creado por el operador, se respetan los derechos de autor de terceros. En particular, los contenidos de terceros est\u00e1n etiquetados como tales. No obstante, si tiene conocimiento de una infracci\u00f3n de los derechos de autor, le rogamos que nos lo comunique. Si tenemos conocimiento de alguna infracci\u00f3n, eliminaremos inmediatamente dicho contenido.<\/p>\t\t\t\t\t\t\t\t<\/div>\n\t\t\t\t\t<\/div>\n\t\t\t\t<\/div>\n\t\t\t\t<\/div>","protected":false},"excerpt":{"rendered":"<p>Impressum Angaben gem\u00e4\u00df \u00a7 5 TMG (Telemediengesetz) Naghi Mocktails Schwabstr. 19 60435 Frankfurt am Main Vertreten durch: G. Naaja Kontakt: E-Mail: info@naghi-mocktails.de [&hellip;]<\/p>\n","protected":false},"author":1,"featured_media":0,"parent":0,"menu_order":0,"comment_status":"closed","ping_status":"closed","template":"","meta":{"footnotes":""},"class_list":["post-617","page","type-page","status-publish","hentry"],"yoast_head":"<!-- This site is optimized with the Yoast SEO plugin v27.3 - https:\/\/yoast.com\/product\/yoast-seo-wordpress\/ -->\n<title>Impressum | Naghi&#039;s Mocktails<\/title>\n<meta name=\"description\" content=\"Rechtliche Angaben und Anbieterkennzeichnung von Naghi&#039;s Mocktails gem\u00e4\u00df \u00a7 5 TMG. Hier finden Sie alle rechtliche Angaben.\" \/>\n<meta name=\"robots\" content=\"index, follow, max-snippet:-1, max-image-preview:large, max-video-preview:-1\" \/>\n<link rel=\"canonical\" href=\"https:\/\/naghi-mocktails.de\/es\/imprimir\/\" \/>\n<meta property=\"og:locale\" content=\"es_ES\" \/>\n<meta property=\"og:type\" content=\"article\" \/>\n<meta property=\"og:title\" content=\"Impressum | Naghi&#039;s Mocktails\" \/>\n<meta property=\"og:description\" content=\"Rechtliche Angaben und Anbieterkennzeichnung von Naghi&#039;s Mocktails gem\u00e4\u00df \u00a7 5 TMG. Hier finden Sie alle rechtliche Angaben.\" \/>\n<meta property=\"og:url\" content=\"https:\/\/naghi-mocktails.de\/es\/imprimir\/\" \/>\n<meta property=\"og:site_name\" content=\"Naghi&#039;s Mocktails \u2013 Exklusive Mocktail-Konzepte f\u00fcr Events\" \/>\n<meta property=\"article:modified_time\" content=\"2025-12-17T16:51:44+00:00\" \/>\n<meta name=\"twitter:card\" content=\"summary_large_image\" \/>\n<meta name=\"twitter:label1\" content=\"Tiempo de lectura\" \/>\n\t<meta name=\"twitter:data1\" content=\"2 minutos\" \/>\n<script type=\"application\/ld+json\" class=\"yoast-schema-graph\">{\"@context\":\"https:\\\/\\\/schema.org\",\"@graph\":[{\"@type\":\"WebPage\",\"@id\":\"https:\\\/\\\/naghi-mocktails.de\\\/impressum\\\/\",\"url\":\"https:\\\/\\\/naghi-mocktails.de\\\/impressum\\\/\",\"name\":\"Impressum | Naghi's Mocktails\",\"isPartOf\":{\"@id\":\"https:\\\/\\\/naghi-mocktails.de\\\/#website\"},\"datePublished\":\"2025-12-14T16:02:58+00:00\",\"dateModified\":\"2025-12-17T16:51:44+00:00\",\"description\":\"Rechtliche Angaben und Anbieterkennzeichnung von Naghi's Mocktails gem\u00e4\u00df \u00a7 5 TMG. Hier finden Sie alle rechtliche Angaben.\",\"breadcrumb\":{\"@id\":\"https:\\\/\\\/naghi-mocktails.de\\\/impressum\\\/#breadcrumb\"},\"inLanguage\":\"es\",\"potentialAction\":[{\"@type\":\"ReadAction\",\"target\":[\"https:\\\/\\\/naghi-mocktails.de\\\/impressum\\\/\"]}]},{\"@type\":\"BreadcrumbList\",\"@id\":\"https:\\\/\\\/naghi-mocktails.de\\\/impressum\\\/#breadcrumb\",\"itemListElement\":[{\"@type\":\"ListItem\",\"position\":1,\"name\":\"Start\",\"item\":\"https:\\\/\\\/naghi-mocktails.de\\\/\"},{\"@type\":\"ListItem\",\"position\":2,\"name\":\"Impressum\"}]},{\"@type\":\"WebSite\",\"@id\":\"https:\\\/\\\/naghi-mocktails.de\\\/#website\",\"url\":\"https:\\\/\\\/naghi-mocktails.de\\\/\",\"name\":\"Naghi Mocktails\",\"description\":\"Ma\u00dfgeschneiderte, alkoholfreie Mocktail-Konzepte f\u00fcr Hochzeiten, Corporate Events und private Feiern. Pers\u00f6nliches Probetrinken &amp; Sorglos-Service.\",\"publisher\":{\"@id\":\"https:\\\/\\\/naghi-mocktails.de\\\/#organization\"},\"potentialAction\":[{\"@type\":\"SearchAction\",\"target\":{\"@type\":\"EntryPoint\",\"urlTemplate\":\"https:\\\/\\\/naghi-mocktails.de\\\/?s={search_term_string}\"},\"query-input\":{\"@type\":\"PropertyValueSpecification\",\"valueRequired\":true,\"valueName\":\"search_term_string\"}}],\"inLanguage\":\"es\"},{\"@type\":\"Organization\",\"@id\":\"https:\\\/\\\/naghi-mocktails.de\\\/#organization\",\"name\":\"Naghi Mocktails\",\"url\":\"https:\\\/\\\/naghi-mocktails.de\\\/\",\"logo\":{\"@type\":\"ImageObject\",\"inLanguage\":\"es\",\"@id\":\"https:\\\/\\\/naghi-mocktails.de\\\/#\\\/schema\\\/logo\\\/image\\\/\",\"url\":\"https:\\\/\\\/naghi-mocktails.de\\\/wp-content\\\/uploads\\\/2025\\\/12\\\/logo_color_bg.svg\",\"contentUrl\":\"https:\\\/\\\/naghi-mocktails.de\\\/wp-content\\\/uploads\\\/2025\\\/12\\\/logo_color_bg.svg\",\"width\":583,\"height\":583,\"caption\":\"Naghi Mocktails\"},\"image\":{\"@id\":\"https:\\\/\\\/naghi-mocktails.de\\\/#\\\/schema\\\/logo\\\/image\\\/\"},\"sameAs\":[\"https:\\\/\\\/www.instagram.com\\\/naghi_mocktails\\\/\",\"https:\\\/\\\/www.tiktok.com\\\/@naghi_mocktails\"]}]}<\/script>\n<!-- \/ Yoast SEO plugin. -->","yoast_head_json":{"title":"Pie de imprenta | Naghi's Mocktails","description":"Informaci\u00f3n legal e identificaci\u00f3n del proveedor de Naghi's Mocktails seg\u00fan \u00a7 5 TMG. Aqu\u00ed encontrar\u00e1 toda la informaci\u00f3n legal.","robots":{"index":"index","follow":"follow","max-snippet":"max-snippet:-1","max-image-preview":"max-image-preview:large","max-video-preview":"max-video-preview:-1"},"canonical":"https:\/\/naghi-mocktails.de\/es\/imprimir\/","og_locale":"es_ES","og_type":"article","og_title":"Impressum | Naghi's Mocktails","og_description":"Rechtliche Angaben und Anbieterkennzeichnung von Naghi's Mocktails gem\u00e4\u00df \u00a7 5 TMG. Hier finden Sie alle rechtliche Angaben.","og_url":"https:\/\/naghi-mocktails.de\/es\/imprimir\/","og_site_name":"Naghi&#039;s Mocktails \u2013 Exklusive Mocktail-Konzepte f\u00fcr Events","article_modified_time":"2025-12-17T16:51:44+00:00","twitter_card":"summary_large_image","twitter_misc":{"Tiempo de lectura":"2 minutos"},"schema":{"@context":"https:\/\/schema.org","@graph":[{"@type":"WebPage","@id":"https:\/\/naghi-mocktails.de\/impressum\/","url":"https:\/\/naghi-mocktails.de\/impressum\/","name":"Pie de imprenta | Naghi's Mocktails","isPartOf":{"@id":"https:\/\/naghi-mocktails.de\/#website"},"datePublished":"2025-12-14T16:02:58+00:00","dateModified":"2025-12-17T16:51:44+00:00","description":"Informaci\u00f3n legal e identificaci\u00f3n del proveedor de Naghi's Mocktails seg\u00fan \u00a7 5 TMG. Aqu\u00ed encontrar\u00e1 toda la informaci\u00f3n legal.","breadcrumb":{"@id":"https:\/\/naghi-mocktails.de\/impressum\/#breadcrumb"},"inLanguage":"es","potentialAction":[{"@type":"ReadAction","target":["https:\/\/naghi-mocktails.de\/impressum\/"]}]},{"@type":"BreadcrumbList","@id":"https:\/\/naghi-mocktails.de\/impressum\/#breadcrumb","itemListElement":[{"@type":"ListItem","position":1,"name":"Start","item":"https:\/\/naghi-mocktails.de\/"},{"@type":"ListItem","position":2,"name":"Impressum"}]},{"@type":"WebSite","@id":"https:\/\/naghi-mocktails.de\/#website","url":"https:\/\/naghi-mocktails.de\/","name":"C\u00f3cteles Naghi","description":"Conceptos personalizados de c\u00f3cteles sin alcohol para bodas, eventos corporativos y fiestas privadas. Degustaci\u00f3n personalizada y servicio despreocupado.","publisher":{"@id":"https:\/\/naghi-mocktails.de\/#organization"},"potentialAction":[{"@type":"SearchAction","target":{"@type":"EntryPoint","urlTemplate":"https:\/\/naghi-mocktails.de\/?s={search_term_string}"},"query-input":{"@type":"PropertyValueSpecification","valueRequired":true,"valueName":"search_term_string"}}],"inLanguage":"es"},{"@type":"Organization","@id":"https:\/\/naghi-mocktails.de\/#organization","name":"C\u00f3cteles Naghi","url":"https:\/\/naghi-mocktails.de\/","logo":{"@type":"ImageObject","inLanguage":"es","@id":"https:\/\/naghi-mocktails.de\/#\/schema\/logo\/image\/","url":"https:\/\/naghi-mocktails.de\/wp-content\/uploads\/2025\/12\/logo_color_bg.svg","contentUrl":"https:\/\/naghi-mocktails.de\/wp-content\/uploads\/2025\/12\/logo_color_bg.svg","width":583,"height":583,"caption":"Naghi Mocktails"},"image":{"@id":"https:\/\/naghi-mocktails.de\/#\/schema\/logo\/image\/"},"sameAs":["https:\/\/www.instagram.com\/naghi_mocktails\/","https:\/\/www.tiktok.com\/@naghi_mocktails"]}]}},"_links":{"self":[{"href":"https:\/\/naghi-mocktails.de\/es\/wp-json\/wp\/v2\/pages\/617","targetHints":{"allow":["GET"]}}],"collection":[{"href":"https:\/\/naghi-mocktails.de\/es\/wp-json\/wp\/v2\/pages"}],"about":[{"href":"https:\/\/naghi-mocktails.de\/es\/wp-json\/wp\/v2\/types\/page"}],"author":[{"embeddable":true,"href":"https:\/\/naghi-mocktails.de\/es\/wp-json\/wp\/v2\/users\/1"}],"replies":[{"embeddable":true,"href":"https:\/\/naghi-mocktails.de\/es\/wp-json\/wp\/v2\/comments?post=617"}],"version-history":[{"count":50,"href":"https:\/\/naghi-mocktails.de\/es\/wp-json\/wp\/v2\/pages\/617\/revisions"}],"predecessor-version":[{"id":973,"href":"https:\/\/naghi-mocktails.de\/es\/wp-json\/wp\/v2\/pages\/617\/revisions\/973"}],"wp:attachment":[{"href":"https:\/\/naghi-mocktails.de\/es\/wp-json\/wp\/v2\/media?parent=617"}],"curies":[{"name":"wp","href":"https:\/\/api.w.org\/{rel}","templated":true}]}}