{"id":617,"date":"2025-12-14T16:02:58","date_gmt":"2025-12-14T16:02:58","guid":{"rendered":"https:\/\/naghi-mocktails.de\/?page_id=617"},"modified":"2025-12-17T16:51:44","modified_gmt":"2025-12-17T16:51:44","slug":"imprint","status":"publish","type":"page","link":"https:\/\/naghi-mocktails.de\/en\/imprint\/","title":{"rendered":"Imprint"},"content":{"rendered":"<div data-elementor-type=\"wp-page\" data-elementor-id=\"617\" class=\"elementor elementor-617\" data-elementor-settings=\"{&quot;element_pack_global_tooltip_width&quot;:{&quot;unit&quot;:&quot;px&quot;,&quot;size&quot;:&quot;&quot;,&quot;sizes&quot;:[]},&quot;element_pack_global_tooltip_width_tablet&quot;:{&quot;unit&quot;:&quot;px&quot;,&quot;size&quot;:&quot;&quot;,&quot;sizes&quot;:[]},&quot;element_pack_global_tooltip_width_mobile&quot;:{&quot;unit&quot;:&quot;px&quot;,&quot;size&quot;:&quot;&quot;,&quot;sizes&quot;:[]},&quot;element_pack_global_tooltip_padding&quot;:{&quot;unit&quot;:&quot;px&quot;,&quot;top&quot;:&quot;&quot;,&quot;right&quot;:&quot;&quot;,&quot;bottom&quot;:&quot;&quot;,&quot;left&quot;:&quot;&quot;,&quot;isLinked&quot;:true},&quot;element_pack_global_tooltip_padding_tablet&quot;:{&quot;unit&quot;:&quot;px&quot;,&quot;top&quot;:&quot;&quot;,&quot;right&quot;:&quot;&quot;,&quot;bottom&quot;:&quot;&quot;,&quot;left&quot;:&quot;&quot;,&quot;isLinked&quot;:true},&quot;element_pack_global_tooltip_padding_mobile&quot;:{&quot;unit&quot;:&quot;px&quot;,&quot;top&quot;:&quot;&quot;,&quot;right&quot;:&quot;&quot;,&quot;bottom&quot;:&quot;&quot;,&quot;left&quot;:&quot;&quot;,&quot;isLinked&quot;:true},&quot;element_pack_global_tooltip_border_radius&quot;:{&quot;unit&quot;:&quot;px&quot;,&quot;top&quot;:&quot;&quot;,&quot;right&quot;:&quot;&quot;,&quot;bottom&quot;:&quot;&quot;,&quot;left&quot;:&quot;&quot;,&quot;isLinked&quot;:true},&quot;element_pack_global_tooltip_border_radius_tablet&quot;:{&quot;unit&quot;:&quot;px&quot;,&quot;top&quot;:&quot;&quot;,&quot;right&quot;:&quot;&quot;,&quot;bottom&quot;:&quot;&quot;,&quot;left&quot;:&quot;&quot;,&quot;isLinked&quot;:true},&quot;element_pack_global_tooltip_border_radius_mobile&quot;:{&quot;unit&quot;:&quot;px&quot;,&quot;top&quot;:&quot;&quot;,&quot;right&quot;:&quot;&quot;,&quot;bottom&quot;:&quot;&quot;,&quot;left&quot;:&quot;&quot;,&quot;isLinked&quot;:true}}\">\n\t\t\t\t<div class=\"elementor-element elementor-element-346c24bd e-flex e-con-boxed e-con e-parent\" data-id=\"346c24bd\" data-element_type=\"container\" data-e-type=\"container\">\n\t\t\t\t\t<div class=\"e-con-inner\">\n\t\t\t\t<div class=\"elementor-element elementor-element-6f3f435 elementor-widget elementor-widget-heading\" data-id=\"6f3f435\" data-element_type=\"widget\" data-e-type=\"widget\" data-widget_type=\"heading.default\">\n\t\t\t\t\t<h2 class=\"elementor-heading-title elementor-size-default\">Imprint<\/h2>\t\t\t\t<\/div>\n\t\t\t\t<div class=\"elementor-element elementor-element-5af7820 elementor-widget elementor-widget-text-editor\" data-id=\"5af7820\" data-element_type=\"widget\" data-e-type=\"widget\" data-widget_type=\"text-editor.default\">\n\t\t\t\t\t\t\t\t\t<p>Information according to \u00a7 5 TMG (Telemediengesetz)<\/p>\t\t\t\t\t\t\t\t<\/div>\n\t\t\t\t<div class=\"elementor-element elementor-element-69ce811 elementor-widget elementor-widget-text-editor\" data-id=\"69ce811\" data-element_type=\"widget\" data-e-type=\"widget\" data-widget_type=\"text-editor.default\">\n\t\t\t\t\t\t\t\t\t<p>Naghi mocktails<strong><br \/><\/strong>Schwabstr. 19<br \/>60435 Frankfurt am Main<\/p><p><strong>Represented by:<br \/><\/strong>G. Naaja<\/p><p><strong>Contact:<\/strong><br \/>E-Mail: <a href=\"mailto:info@naghi-mocktails.de\">info@naghi-mocktails.de<\/a><br \/>Phone: <a href=\"tel:+491758817799\">+49 175 8817799<\/a><\/p><p><strong>Sales tax identification number:<\/strong><br \/>DE271962839<\/p>\t\t\t\t\t\t\t\t<\/div>\n\t\t\t\t\t<\/div>\n\t\t\t\t<\/div>\n\t\t<div class=\"elementor-element elementor-element-f2c8307 e-flex e-con-boxed e-con e-parent\" data-id=\"f2c8307\" data-element_type=\"container\" data-e-type=\"container\" data-settings=\"{&quot;background_background&quot;:&quot;classic&quot;}\">\n\t\t\t\t\t<div class=\"e-con-inner\">\n\t\t\t\t<div class=\"elementor-element elementor-element-f439f39 elementor-widget elementor-widget-spacer\" data-id=\"f439f39\" data-element_type=\"widget\" data-e-type=\"widget\" data-widget_type=\"spacer.default\">\n\t\t\t\t\t\t\t<div class=\"elementor-spacer\">\n\t\t\t<div class=\"elementor-spacer-inner\"><\/div>\n\t\t<\/div>\n\t\t\t\t\t\t<\/div>\n\t\t\t\t<div class=\"elementor-element elementor-element-60f1cc4 elementor-widget elementor-widget-heading\" data-id=\"60f1cc4\" data-element_type=\"widget\" data-e-type=\"widget\" data-widget_type=\"heading.default\">\n\t\t\t\t\t<h2 class=\"elementor-heading-title elementor-size-default\">Dispute resolution<\/h2>\t\t\t\t<\/div>\n\t\t\t\t<div class=\"elementor-element elementor-element-c7f9510 elementor-widget elementor-widget-text-editor\" data-id=\"c7f9510\" data-element_type=\"widget\" data-e-type=\"widget\" data-widget_type=\"text-editor.default\">\n\t\t\t\t\t\t\t\t\t<p>The European Commission provides a platform for online dispute resolution (ODR): <a href=\"https:\/\/ec.europa.eu\/consumers\/odr\" target=\"_blank\" rel=\"noopener\">https:\/\/ec.europa.eu\/consumers\/odr<\/a>.<br \/>You can find our e-mail address in the legal notice above.<\/p><p>We are not willing or obliged to participate in dispute resolution proceedings before a consumer arbitration board.<\/p>\t\t\t\t\t\t\t\t<\/div>\n\t\t\t\t\t<\/div>\n\t\t\t\t<\/div>\n\t\t<div class=\"elementor-element elementor-element-e587ca2 e-flex e-con-boxed e-con e-parent\" data-id=\"e587ca2\" data-element_type=\"container\" data-e-type=\"container\">\n\t\t\t\t\t<div class=\"e-con-inner\">\n\t\t\t\t<div class=\"elementor-element elementor-element-835bb97 elementor-widget elementor-widget-spacer\" data-id=\"835bb97\" data-element_type=\"widget\" data-e-type=\"widget\" data-widget_type=\"spacer.default\">\n\t\t\t\t\t\t\t<div class=\"elementor-spacer\">\n\t\t\t<div class=\"elementor-spacer-inner\"><\/div>\n\t\t<\/div>\n\t\t\t\t\t\t<\/div>\n\t\t\t\t<div class=\"elementor-element elementor-element-94f6647 elementor-widget elementor-widget-heading\" data-id=\"94f6647\" data-element_type=\"widget\" data-e-type=\"widget\" data-widget_type=\"heading.default\">\n\t\t\t\t\t<h2 class=\"elementor-heading-title elementor-size-default\">Liability for content<\/h2>\t\t\t\t<\/div>\n\t\t\t\t<div class=\"elementor-element elementor-element-cadf388 elementor-widget elementor-widget-text-editor\" data-id=\"cadf388\" data-element_type=\"widget\" data-e-type=\"widget\" data-widget_type=\"text-editor.default\">\n\t\t\t\t\t\t\t\t\t<p>As a service provider, we are responsible for our own content on these pages in accordance with Section 7 (1) TMG (German Telemedia Act) and general legislation. According to \u00a7\u00a7 8 to 10 TMG, however, we as a service provider are not obliged to monitor transmitted or stored third-party information or to investigate circumstances that indicate illegal activity.<\/p><p>Obligations to remove or block the use of information in accordance with general legislation remain unaffected by this. However, liability in this respect is only possible from the time we become aware of a specific infringement. As soon as we become aware of such infringements, we will remove this content immediately.<\/p>\t\t\t\t\t\t\t\t<\/div>\n\t\t\t\t\t<\/div>\n\t\t\t\t<\/div>\n\t\t<div class=\"elementor-element elementor-element-6e6a079 e-flex e-con-boxed e-con e-parent\" data-id=\"6e6a079\" data-element_type=\"container\" data-e-type=\"container\" data-settings=\"{&quot;background_background&quot;:&quot;classic&quot;}\">\n\t\t\t\t\t<div class=\"e-con-inner\">\n\t\t\t\t<div class=\"elementor-element elementor-element-566e87f elementor-widget elementor-widget-spacer\" data-id=\"566e87f\" data-element_type=\"widget\" data-e-type=\"widget\" data-widget_type=\"spacer.default\">\n\t\t\t\t\t\t\t<div class=\"elementor-spacer\">\n\t\t\t<div class=\"elementor-spacer-inner\"><\/div>\n\t\t<\/div>\n\t\t\t\t\t\t<\/div>\n\t\t\t\t<div class=\"elementor-element elementor-element-d837d59 elementor-widget elementor-widget-heading\" data-id=\"d837d59\" data-element_type=\"widget\" data-e-type=\"widget\" data-widget_type=\"heading.default\">\n\t\t\t\t\t<h2 class=\"elementor-heading-title elementor-size-default\">Liability for links<\/h2>\t\t\t\t<\/div>\n\t\t\t\t<div class=\"elementor-element elementor-element-7ae81cb elementor-widget elementor-widget-text-editor\" data-id=\"7ae81cb\" data-element_type=\"widget\" data-e-type=\"widget\" data-widget_type=\"text-editor.default\">\n\t\t\t\t\t\t\t\t\t<p>Our website contains links to external third-party websites over whose content we have no influence. Therefore, we cannot accept any liability for this third-party content. The respective provider or operator of the pages is always responsible for the content of the linked pages. The linked pages were checked for possible legal violations at the time of linking. Illegal contents were not recognizable at the time of linking.<\/p><p>However, permanent monitoring of the content of the linked pages is not reasonable without concrete evidence of an infringement. If we become aware of any legal infringements, we will remove such links immediately.<\/p>\t\t\t\t\t\t\t\t<\/div>\n\t\t\t\t\t<\/div>\n\t\t\t\t<\/div>\n\t\t<div class=\"elementor-element elementor-element-61ed957 e-flex e-con-boxed e-con e-parent\" data-id=\"61ed957\" data-element_type=\"container\" data-e-type=\"container\">\n\t\t\t\t\t<div class=\"e-con-inner\">\n\t\t\t\t<div class=\"elementor-element elementor-element-8cb88b6 elementor-widget elementor-widget-spacer\" data-id=\"8cb88b6\" data-element_type=\"widget\" data-e-type=\"widget\" data-widget_type=\"spacer.default\">\n\t\t\t\t\t\t\t<div class=\"elementor-spacer\">\n\t\t\t<div class=\"elementor-spacer-inner\"><\/div>\n\t\t<\/div>\n\t\t\t\t\t\t<\/div>\n\t\t\t\t<div class=\"elementor-element elementor-element-57f5768 elementor-widget elementor-widget-heading\" data-id=\"57f5768\" data-element_type=\"widget\" data-e-type=\"widget\" data-widget_type=\"heading.default\">\n\t\t\t\t\t<h2 class=\"elementor-heading-title elementor-size-default\">Copyright<\/h2>\t\t\t\t<\/div>\n\t\t\t\t<div class=\"elementor-element elementor-element-9bbb6f3 elementor-widget elementor-widget-text-editor\" data-id=\"9bbb6f3\" data-element_type=\"widget\" data-e-type=\"widget\" data-widget_type=\"text-editor.default\">\n\t\t\t\t\t\t\t\t\t<p>The content and works created by the site operators on these pages are subject to German copyright law. Duplication, processing, distribution and any form of commercialization of such material beyond the scope of the copyright law shall require the prior written consent of its respective author or creator. Downloads and copies of this site are only permitted for private, non-commercial use.<\/p><p>Insofar as the content on this site was not created by the operator, the copyrights of third parties are respected. In particular, third-party content is identified as such. Should you nevertheless become aware of a copyright infringement, please inform us accordingly. If we become aware of any infringements, we will remove such content immediately.<\/p>\t\t\t\t\t\t\t\t<\/div>\n\t\t\t\t\t<\/div>\n\t\t\t\t<\/div>\n\t\t\t\t<\/div>","protected":false},"excerpt":{"rendered":"<p>Impressum Angaben gem\u00e4\u00df \u00a7 5 TMG (Telemediengesetz) Naghi Mocktails Schwabstr. 19 60435 Frankfurt am Main Vertreten durch: G. Naaja Kontakt: E-Mail: info@naghi-mocktails.de [&hellip;]<\/p>\n","protected":false},"author":1,"featured_media":0,"parent":0,"menu_order":0,"comment_status":"closed","ping_status":"closed","template":"","meta":{"footnotes":""},"class_list":["post-617","page","type-page","status-publish","hentry"],"yoast_head":"<!-- This site is optimized with the Yoast SEO plugin v27.3 - https:\/\/yoast.com\/product\/yoast-seo-wordpress\/ -->\n<title>Impressum | Naghi&#039;s Mocktails<\/title>\n<meta name=\"description\" content=\"Rechtliche Angaben und Anbieterkennzeichnung von Naghi&#039;s Mocktails gem\u00e4\u00df \u00a7 5 TMG. Hier finden Sie alle rechtliche Angaben.\" \/>\n<meta name=\"robots\" content=\"index, follow, max-snippet:-1, max-image-preview:large, max-video-preview:-1\" \/>\n<link rel=\"canonical\" href=\"https:\/\/naghi-mocktails.de\/en\/imprint\/\" \/>\n<meta property=\"og:locale\" content=\"en_US\" \/>\n<meta property=\"og:type\" content=\"article\" \/>\n<meta property=\"og:title\" content=\"Impressum | Naghi&#039;s Mocktails\" \/>\n<meta property=\"og:description\" content=\"Rechtliche Angaben und Anbieterkennzeichnung von Naghi&#039;s Mocktails gem\u00e4\u00df \u00a7 5 TMG. Hier finden Sie alle rechtliche Angaben.\" \/>\n<meta property=\"og:url\" content=\"https:\/\/naghi-mocktails.de\/en\/imprint\/\" \/>\n<meta property=\"og:site_name\" content=\"Naghi&#039;s Mocktails \u2013 Exklusive Mocktail-Konzepte f\u00fcr Events\" \/>\n<meta property=\"article:modified_time\" content=\"2025-12-17T16:51:44+00:00\" \/>\n<meta name=\"twitter:card\" content=\"summary_large_image\" \/>\n<meta name=\"twitter:label1\" content=\"Est. reading time\" \/>\n\t<meta name=\"twitter:data1\" content=\"2 minutes\" \/>\n<script type=\"application\/ld+json\" class=\"yoast-schema-graph\">{\"@context\":\"https:\\\/\\\/schema.org\",\"@graph\":[{\"@type\":\"WebPage\",\"@id\":\"https:\\\/\\\/naghi-mocktails.de\\\/impressum\\\/\",\"url\":\"https:\\\/\\\/naghi-mocktails.de\\\/impressum\\\/\",\"name\":\"Impressum | Naghi's Mocktails\",\"isPartOf\":{\"@id\":\"https:\\\/\\\/naghi-mocktails.de\\\/#website\"},\"datePublished\":\"2025-12-14T16:02:58+00:00\",\"dateModified\":\"2025-12-17T16:51:44+00:00\",\"description\":\"Rechtliche Angaben und Anbieterkennzeichnung von Naghi's Mocktails gem\u00e4\u00df \u00a7 5 TMG. Hier finden Sie alle rechtliche Angaben.\",\"breadcrumb\":{\"@id\":\"https:\\\/\\\/naghi-mocktails.de\\\/impressum\\\/#breadcrumb\"},\"inLanguage\":\"en-US\",\"potentialAction\":[{\"@type\":\"ReadAction\",\"target\":[\"https:\\\/\\\/naghi-mocktails.de\\\/impressum\\\/\"]}]},{\"@type\":\"BreadcrumbList\",\"@id\":\"https:\\\/\\\/naghi-mocktails.de\\\/impressum\\\/#breadcrumb\",\"itemListElement\":[{\"@type\":\"ListItem\",\"position\":1,\"name\":\"Start\",\"item\":\"https:\\\/\\\/naghi-mocktails.de\\\/\"},{\"@type\":\"ListItem\",\"position\":2,\"name\":\"Impressum\"}]},{\"@type\":\"WebSite\",\"@id\":\"https:\\\/\\\/naghi-mocktails.de\\\/#website\",\"url\":\"https:\\\/\\\/naghi-mocktails.de\\\/\",\"name\":\"Naghi Mocktails\",\"description\":\"Ma\u00dfgeschneiderte, alkoholfreie Mocktail-Konzepte f\u00fcr Hochzeiten, Corporate Events und private Feiern. Pers\u00f6nliches Probetrinken &amp; Sorglos-Service.\",\"publisher\":{\"@id\":\"https:\\\/\\\/naghi-mocktails.de\\\/#organization\"},\"potentialAction\":[{\"@type\":\"SearchAction\",\"target\":{\"@type\":\"EntryPoint\",\"urlTemplate\":\"https:\\\/\\\/naghi-mocktails.de\\\/?s={search_term_string}\"},\"query-input\":{\"@type\":\"PropertyValueSpecification\",\"valueRequired\":true,\"valueName\":\"search_term_string\"}}],\"inLanguage\":\"en-US\"},{\"@type\":\"Organization\",\"@id\":\"https:\\\/\\\/naghi-mocktails.de\\\/#organization\",\"name\":\"Naghi Mocktails\",\"url\":\"https:\\\/\\\/naghi-mocktails.de\\\/\",\"logo\":{\"@type\":\"ImageObject\",\"inLanguage\":\"en-US\",\"@id\":\"https:\\\/\\\/naghi-mocktails.de\\\/#\\\/schema\\\/logo\\\/image\\\/\",\"url\":\"https:\\\/\\\/naghi-mocktails.de\\\/wp-content\\\/uploads\\\/2025\\\/12\\\/logo_color_bg.svg\",\"contentUrl\":\"https:\\\/\\\/naghi-mocktails.de\\\/wp-content\\\/uploads\\\/2025\\\/12\\\/logo_color_bg.svg\",\"width\":583,\"height\":583,\"caption\":\"Naghi Mocktails\"},\"image\":{\"@id\":\"https:\\\/\\\/naghi-mocktails.de\\\/#\\\/schema\\\/logo\\\/image\\\/\"},\"sameAs\":[\"https:\\\/\\\/www.instagram.com\\\/naghi_mocktails\\\/\",\"https:\\\/\\\/www.tiktok.com\\\/@naghi_mocktails\"]}]}<\/script>\n<!-- \/ Yoast SEO plugin. -->","yoast_head_json":{"title":"Imprint | Naghi's Mocktails","description":"Legal information and provider identification of Naghi's Mocktails according to \u00a7 5 TMG. Here you will find all legal information.","robots":{"index":"index","follow":"follow","max-snippet":"max-snippet:-1","max-image-preview":"max-image-preview:large","max-video-preview":"max-video-preview:-1"},"canonical":"https:\/\/naghi-mocktails.de\/en\/imprint\/","og_locale":"en_US","og_type":"article","og_title":"Impressum | Naghi's Mocktails","og_description":"Rechtliche Angaben und Anbieterkennzeichnung von Naghi's Mocktails gem\u00e4\u00df \u00a7 5 TMG. Hier finden Sie alle rechtliche Angaben.","og_url":"https:\/\/naghi-mocktails.de\/en\/imprint\/","og_site_name":"Naghi&#039;s Mocktails \u2013 Exklusive Mocktail-Konzepte f\u00fcr Events","article_modified_time":"2025-12-17T16:51:44+00:00","twitter_card":"summary_large_image","twitter_misc":{"Est. reading time":"2 minutes"},"schema":{"@context":"https:\/\/schema.org","@graph":[{"@type":"WebPage","@id":"https:\/\/naghi-mocktails.de\/impressum\/","url":"https:\/\/naghi-mocktails.de\/impressum\/","name":"Imprint | Naghi's Mocktails","isPartOf":{"@id":"https:\/\/naghi-mocktails.de\/#website"},"datePublished":"2025-12-14T16:02:58+00:00","dateModified":"2025-12-17T16:51:44+00:00","description":"Legal information and provider identification of Naghi's Mocktails according to \u00a7 5 TMG. Here you will find all legal information.","breadcrumb":{"@id":"https:\/\/naghi-mocktails.de\/impressum\/#breadcrumb"},"inLanguage":"en-US","potentialAction":[{"@type":"ReadAction","target":["https:\/\/naghi-mocktails.de\/impressum\/"]}]},{"@type":"BreadcrumbList","@id":"https:\/\/naghi-mocktails.de\/impressum\/#breadcrumb","itemListElement":[{"@type":"ListItem","position":1,"name":"Start","item":"https:\/\/naghi-mocktails.de\/"},{"@type":"ListItem","position":2,"name":"Impressum"}]},{"@type":"WebSite","@id":"https:\/\/naghi-mocktails.de\/#website","url":"https:\/\/naghi-mocktails.de\/","name":"Naghi mocktails","description":"Tailor-made, alcohol-free mocktail concepts for weddings, corporate events and private parties. Personal tasting &amp; carefree service.","publisher":{"@id":"https:\/\/naghi-mocktails.de\/#organization"},"potentialAction":[{"@type":"SearchAction","target":{"@type":"EntryPoint","urlTemplate":"https:\/\/naghi-mocktails.de\/?s={search_term_string}"},"query-input":{"@type":"PropertyValueSpecification","valueRequired":true,"valueName":"search_term_string"}}],"inLanguage":"en-US"},{"@type":"Organization","@id":"https:\/\/naghi-mocktails.de\/#organization","name":"Naghi mocktails","url":"https:\/\/naghi-mocktails.de\/","logo":{"@type":"ImageObject","inLanguage":"en-US","@id":"https:\/\/naghi-mocktails.de\/#\/schema\/logo\/image\/","url":"https:\/\/naghi-mocktails.de\/wp-content\/uploads\/2025\/12\/logo_color_bg.svg","contentUrl":"https:\/\/naghi-mocktails.de\/wp-content\/uploads\/2025\/12\/logo_color_bg.svg","width":583,"height":583,"caption":"Naghi Mocktails"},"image":{"@id":"https:\/\/naghi-mocktails.de\/#\/schema\/logo\/image\/"},"sameAs":["https:\/\/www.instagram.com\/naghi_mocktails\/","https:\/\/www.tiktok.com\/@naghi_mocktails"]}]}},"_links":{"self":[{"href":"https:\/\/naghi-mocktails.de\/en\/wp-json\/wp\/v2\/pages\/617","targetHints":{"allow":["GET"]}}],"collection":[{"href":"https:\/\/naghi-mocktails.de\/en\/wp-json\/wp\/v2\/pages"}],"about":[{"href":"https:\/\/naghi-mocktails.de\/en\/wp-json\/wp\/v2\/types\/page"}],"author":[{"embeddable":true,"href":"https:\/\/naghi-mocktails.de\/en\/wp-json\/wp\/v2\/users\/1"}],"replies":[{"embeddable":true,"href":"https:\/\/naghi-mocktails.de\/en\/wp-json\/wp\/v2\/comments?post=617"}],"version-history":[{"count":50,"href":"https:\/\/naghi-mocktails.de\/en\/wp-json\/wp\/v2\/pages\/617\/revisions"}],"predecessor-version":[{"id":973,"href":"https:\/\/naghi-mocktails.de\/en\/wp-json\/wp\/v2\/pages\/617\/revisions\/973"}],"wp:attachment":[{"href":"https:\/\/naghi-mocktails.de\/en\/wp-json\/wp\/v2\/media?parent=617"}],"curies":[{"name":"wp","href":"https:\/\/api.w.org\/{rel}","templated":true}]}}